{"id":26930,"date":"2026-02-28T15:06:43","date_gmt":"2026-02-28T14:06:43","guid":{"rendered":"https:\/\/anotherbrand.de\/?post_type=product&#038;p=26930"},"modified":"2026-04-02T11:57:04","modified_gmt":"2026-04-02T09:57:04","slug":"sweatshirt-flowers-pink","status":"publish","type":"product","link":"https:\/\/anotherbrand.de\/en\/product\/sweatshirt-flowers-pink\/","title":{"rendered":"Sweatshirt flowers pink"},"content":{"rendered":"<div>Mit Blumen besticktes neon Pinkes Sweatshirt mit Raglan\u00e4rmel aus weichem Baumwoll-Jersey, made in Portugal.<\/div>\n<ul>\n<li>F\u00e4llt der Gr\u00f6\u00dfe entsprechend normal aus<\/li>\n<li>Raglan\u00e4rmel<\/li>\n<li>Leicht verk\u00fcrzt geschnitten<\/li>\n<li>Locker fallend<\/li>\n<li>Vorderteil mit Blumen bestickt<\/li>\n<li>Spezielle Garment Dye F\u00e4rbung f\u00fcr einen leicht verwaschenen Look<\/li>\n<li>das Model misst 175cm und tr\u00e4gt Gr. M<\/li>\n<\/ul>\n","protected":false},"excerpt":{"rendered":"<p><span class=\"s1\">Sweatshirt mit bestickten Blumen in pink<\/span><\/p>\n","protected":false},"featured_media":26936,"template":"","meta":[],"product_brand":[],"product_cat":[28,60,74],"product_tag":[],"class_list":{"0":"post-26930","1":"product","2":"type-product","3":"status-publish","4":"has-post-thumbnail","6":"product_cat-alle-produkte","7":"product_cat-new-in","8":"product_cat-sweatshirts","9":"pa_colour-pink","10":"pa_size-l","11":"pa_size-m","12":"pa_size-s","13":"pa_size-xl","15":"first","16":"instock","17":"taxable","18":"shipping-taxable","19":"purchasable","20":"product-type-variable","21":"has-default-attributes"},"yoast_head":"<!-- This site is optimized with the Yoast SEO plugin v27.3 - https:\/\/yoast.com\/product\/yoast-seo-wordpress\/ -->\n<title>Sweatshirt flowers pink - Another Brand<\/title>\n<meta name=\"description\" content=\"Sweatshirt mit bestickten Blumen und Raglan\u00e4rmel. Gefertigt aus leichter Baumwolle in neon pink. 100% Baumwolle, made in Portugal.\" \/>\n<meta name=\"robots\" content=\"index, follow, max-snippet:-1, max-image-preview:large, max-video-preview:-1\" \/>\n<link rel=\"canonical\" href=\"https:\/\/anotherbrand.de\/product\/sweatshirt-flowers-pink\/\" \/>\n<meta property=\"og:locale\" content=\"en_US\" \/>\n<meta property=\"og:type\" content=\"article\" \/>\n<meta property=\"og:title\" content=\"Sweatshirt flowers pink - Another Brand\" \/>\n<meta property=\"og:description\" content=\"Sweatshirt mit bestickten Blumen und Raglan\u00e4rmel. Gefertigt aus leichter Baumwolle in neon pink. 100% Baumwolle, made in Portugal.\" \/>\n<meta property=\"og:url\" content=\"https:\/\/anotherbrand.de\/product\/sweatshirt-flowers-pink\/\" \/>\n<meta property=\"og:site_name\" content=\"Another Brand\" \/>\n<meta property=\"article:publisher\" content=\"https:\/\/www.facebook.com\/anotherbrand.de\/\" \/>\n<meta property=\"article:modified_time\" content=\"2026-04-02T09:57:04+00:00\" \/>\n<meta property=\"og:image\" content=\"https:\/\/anotherbrand.de\/wp-content\/uploads\/2026\/02\/sweatshirt-flowers-pink-a.jpg\" \/>\n\t<meta property=\"og:image:width\" content=\"900\" \/>\n\t<meta property=\"og:image:height\" content=\"1200\" \/>\n\t<meta property=\"og:image:type\" content=\"image\/jpeg\" \/>\n<meta name=\"twitter:card\" content=\"summary_large_image\" \/>\n<meta name=\"twitter:label1\" content=\"Est. reading time\" \/>\n\t<meta name=\"twitter:data1\" content=\"1 minute\" \/>\n<script type=\"application\/ld+json\" class=\"yoast-schema-graph\">{\"@context\":\"https:\\\/\\\/schema.org\",\"@graph\":[{\"@type\":\"WebPage\",\"@id\":\"https:\\\/\\\/anotherbrand.de\\\/product\\\/sweatshirt-flowers-pink\\\/\",\"url\":\"https:\\\/\\\/anotherbrand.de\\\/product\\\/sweatshirt-flowers-pink\\\/\",\"name\":\"Sweatshirt flowers pink - Another Brand\",\"isPartOf\":{\"@id\":\"https:\\\/\\\/anotherbrand.de\\\/#website\"},\"primaryImageOfPage\":{\"@id\":\"https:\\\/\\\/anotherbrand.de\\\/product\\\/sweatshirt-flowers-pink\\\/#primaryimage\"},\"image\":{\"@id\":\"https:\\\/\\\/anotherbrand.de\\\/product\\\/sweatshirt-flowers-pink\\\/#primaryimage\"},\"thumbnailUrl\":\"https:\\\/\\\/anotherbrand.de\\\/wp-content\\\/uploads\\\/2026\\\/02\\\/sweatshirt-flowers-pink-a.jpg\",\"datePublished\":\"2026-02-28T14:06:43+00:00\",\"dateModified\":\"2026-04-02T09:57:04+00:00\",\"description\":\"Sweatshirt mit bestickten Blumen und Raglan\u00e4rmel. Gefertigt aus leichter Baumwolle in neon pink. 100% Baumwolle, made in Portugal.\",\"breadcrumb\":{\"@id\":\"https:\\\/\\\/anotherbrand.de\\\/product\\\/sweatshirt-flowers-pink\\\/#breadcrumb\"},\"inLanguage\":\"en-US\",\"potentialAction\":[{\"@type\":\"ReadAction\",\"target\":[\"https:\\\/\\\/anotherbrand.de\\\/product\\\/sweatshirt-flowers-pink\\\/\"]}]},{\"@type\":\"ImageObject\",\"inLanguage\":\"en-US\",\"@id\":\"https:\\\/\\\/anotherbrand.de\\\/product\\\/sweatshirt-flowers-pink\\\/#primaryimage\",\"url\":\"https:\\\/\\\/anotherbrand.de\\\/wp-content\\\/uploads\\\/2026\\\/02\\\/sweatshirt-flowers-pink-a.jpg\",\"contentUrl\":\"https:\\\/\\\/anotherbrand.de\\\/wp-content\\\/uploads\\\/2026\\\/02\\\/sweatshirt-flowers-pink-a.jpg\",\"width\":900,\"height\":1200,\"caption\":\"Sweatshirt mit bestickten Blumen in pink Vorderansicht\"},{\"@type\":\"BreadcrumbList\",\"@id\":\"https:\\\/\\\/anotherbrand.de\\\/product\\\/sweatshirt-flowers-pink\\\/#breadcrumb\",\"itemListElement\":[{\"@type\":\"ListItem\",\"position\":1,\"name\":\"Startseite\",\"item\":\"https:\\\/\\\/anotherbrand.de\\\/\"},{\"@type\":\"ListItem\",\"position\":2,\"name\":\"Shop\",\"item\":\"https:\\\/\\\/anotherbrand.de\\\/en\\\/shop\\\/\"},{\"@type\":\"ListItem\",\"position\":3,\"name\":\"Sweatshirt flowers pink\"}]},{\"@type\":\"WebSite\",\"@id\":\"https:\\\/\\\/anotherbrand.de\\\/#website\",\"url\":\"https:\\\/\\\/anotherbrand.de\\\/\",\"name\":\"Another Brand\",\"description\":\"Clothes - Fair Fashion - Kashmir\",\"publisher\":{\"@id\":\"https:\\\/\\\/anotherbrand.de\\\/#organization\"},\"alternateName\":\"Inspiring Designs. Naturally sustainable.\",\"potentialAction\":[{\"@type\":\"SearchAction\",\"target\":{\"@type\":\"EntryPoint\",\"urlTemplate\":\"https:\\\/\\\/anotherbrand.de\\\/?s={search_term_string}\"},\"query-input\":{\"@type\":\"PropertyValueSpecification\",\"valueRequired\":true,\"valueName\":\"search_term_string\"}}],\"inLanguage\":\"en-US\"},{\"@type\":\"Organization\",\"@id\":\"https:\\\/\\\/anotherbrand.de\\\/#organization\",\"name\":\"another brand\",\"alternateName\":\"another brand - fair fashion Munich\",\"url\":\"https:\\\/\\\/anotherbrand.de\\\/\",\"logo\":{\"@type\":\"ImageObject\",\"inLanguage\":\"en-US\",\"@id\":\"https:\\\/\\\/anotherbrand.de\\\/#\\\/schema\\\/logo\\\/image\\\/\",\"url\":\"https:\\\/\\\/anotherbrand.de\\\/wp-content\\\/uploads\\\/2020\\\/08\\\/cropped-ab_logo_site-icon.jpg\",\"contentUrl\":\"https:\\\/\\\/anotherbrand.de\\\/wp-content\\\/uploads\\\/2020\\\/08\\\/cropped-ab_logo_site-icon.jpg\",\"width\":512,\"height\":512,\"caption\":\"another brand\"},\"image\":{\"@id\":\"https:\\\/\\\/anotherbrand.de\\\/#\\\/schema\\\/logo\\\/image\\\/\"},\"sameAs\":[\"https:\\\/\\\/www.facebook.com\\\/anotherbrand.de\\\/\"]}]}<\/script>\n<!-- \/ Yoast SEO plugin. -->","yoast_head_json":{"title":"Sweatshirt flowers pink - Another Brand","description":"Sweatshirt mit bestickten Blumen und Raglan\u00e4rmel. Gefertigt aus leichter Baumwolle in neon pink. 100% Baumwolle, made in Portugal.","robots":{"index":"index","follow":"follow","max-snippet":"max-snippet:-1","max-image-preview":"max-image-preview:large","max-video-preview":"max-video-preview:-1"},"canonical":"https:\/\/anotherbrand.de\/product\/sweatshirt-flowers-pink\/","og_locale":"en_US","og_type":"article","og_title":"Sweatshirt flowers pink - Another Brand","og_description":"Sweatshirt mit bestickten Blumen und Raglan\u00e4rmel. Gefertigt aus leichter Baumwolle in neon pink. 100% Baumwolle, made in Portugal.","og_url":"https:\/\/anotherbrand.de\/product\/sweatshirt-flowers-pink\/","og_site_name":"Another Brand","article_publisher":"https:\/\/www.facebook.com\/anotherbrand.de\/","article_modified_time":"2026-04-02T09:57:04+00:00","og_image":[{"width":900,"height":1200,"url":"https:\/\/anotherbrand.de\/wp-content\/uploads\/2026\/02\/sweatshirt-flowers-pink-a.jpg","type":"image\/jpeg"}],"twitter_card":"summary_large_image","twitter_misc":{"Est. reading time":"1 minute"},"schema":{"@context":"https:\/\/schema.org","@graph":[{"@type":"WebPage","@id":"https:\/\/anotherbrand.de\/product\/sweatshirt-flowers-pink\/","url":"https:\/\/anotherbrand.de\/product\/sweatshirt-flowers-pink\/","name":"Sweatshirt flowers pink - Another Brand","isPartOf":{"@id":"https:\/\/anotherbrand.de\/#website"},"primaryImageOfPage":{"@id":"https:\/\/anotherbrand.de\/product\/sweatshirt-flowers-pink\/#primaryimage"},"image":{"@id":"https:\/\/anotherbrand.de\/product\/sweatshirt-flowers-pink\/#primaryimage"},"thumbnailUrl":"https:\/\/anotherbrand.de\/wp-content\/uploads\/2026\/02\/sweatshirt-flowers-pink-a.jpg","datePublished":"2026-02-28T14:06:43+00:00","dateModified":"2026-04-02T09:57:04+00:00","description":"Sweatshirt mit bestickten Blumen und Raglan\u00e4rmel. Gefertigt aus leichter Baumwolle in neon pink. 100% Baumwolle, made in Portugal.","breadcrumb":{"@id":"https:\/\/anotherbrand.de\/product\/sweatshirt-flowers-pink\/#breadcrumb"},"inLanguage":"en-US","potentialAction":[{"@type":"ReadAction","target":["https:\/\/anotherbrand.de\/product\/sweatshirt-flowers-pink\/"]}]},{"@type":"ImageObject","inLanguage":"en-US","@id":"https:\/\/anotherbrand.de\/product\/sweatshirt-flowers-pink\/#primaryimage","url":"https:\/\/anotherbrand.de\/wp-content\/uploads\/2026\/02\/sweatshirt-flowers-pink-a.jpg","contentUrl":"https:\/\/anotherbrand.de\/wp-content\/uploads\/2026\/02\/sweatshirt-flowers-pink-a.jpg","width":900,"height":1200,"caption":"Sweatshirt mit bestickten Blumen in pink Vorderansicht"},{"@type":"BreadcrumbList","@id":"https:\/\/anotherbrand.de\/product\/sweatshirt-flowers-pink\/#breadcrumb","itemListElement":[{"@type":"ListItem","position":1,"name":"Startseite","item":"https:\/\/anotherbrand.de\/"},{"@type":"ListItem","position":2,"name":"Shop","item":"https:\/\/anotherbrand.de\/en\/shop\/"},{"@type":"ListItem","position":3,"name":"Sweatshirt flowers pink"}]},{"@type":"WebSite","@id":"https:\/\/anotherbrand.de\/#website","url":"https:\/\/anotherbrand.de\/","name":"Another Brand","description":"Clothes - Fair Fashion - Kashmir","publisher":{"@id":"https:\/\/anotherbrand.de\/#organization"},"alternateName":"Inspiring Designs. Naturally sustainable.","potentialAction":[{"@type":"SearchAction","target":{"@type":"EntryPoint","urlTemplate":"https:\/\/anotherbrand.de\/?s={search_term_string}"},"query-input":{"@type":"PropertyValueSpecification","valueRequired":true,"valueName":"search_term_string"}}],"inLanguage":"en-US"},{"@type":"Organization","@id":"https:\/\/anotherbrand.de\/#organization","name":"another brand","alternateName":"another brand - fair fashion Munich","url":"https:\/\/anotherbrand.de\/","logo":{"@type":"ImageObject","inLanguage":"en-US","@id":"https:\/\/anotherbrand.de\/#\/schema\/logo\/image\/","url":"https:\/\/anotherbrand.de\/wp-content\/uploads\/2020\/08\/cropped-ab_logo_site-icon.jpg","contentUrl":"https:\/\/anotherbrand.de\/wp-content\/uploads\/2020\/08\/cropped-ab_logo_site-icon.jpg","width":512,"height":512,"caption":"another brand"},"image":{"@id":"https:\/\/anotherbrand.de\/#\/schema\/logo\/image\/"},"sameAs":["https:\/\/www.facebook.com\/anotherbrand.de\/"]}]}},"df_price":159,"df_sale_price":"","df_regular_price":159,"df_image_link":"https:\/\/anotherbrand.de\/wp-content\/uploads\/2026\/02\/sweatshirt-flowers-pink-a-300x400.jpg","_links":{"self":[{"href":"https:\/\/anotherbrand.de\/en\/wp-json\/wp\/v2\/product\/26930","targetHints":{"allow":["GET"]}}],"collection":[{"href":"https:\/\/anotherbrand.de\/en\/wp-json\/wp\/v2\/product"}],"about":[{"href":"https:\/\/anotherbrand.de\/en\/wp-json\/wp\/v2\/types\/product"}],"wp:featuredmedia":[{"embeddable":true,"href":"https:\/\/anotherbrand.de\/en\/wp-json\/wp\/v2\/media\/26936"}],"wp:attachment":[{"href":"https:\/\/anotherbrand.de\/en\/wp-json\/wp\/v2\/media?parent=26930"}],"wp:term":[{"taxonomy":"product_brand","embeddable":true,"href":"https:\/\/anotherbrand.de\/en\/wp-json\/wp\/v2\/product_brand?post=26930"},{"taxonomy":"product_cat","embeddable":true,"href":"https:\/\/anotherbrand.de\/en\/wp-json\/wp\/v2\/product_cat?post=26930"},{"taxonomy":"product_tag","embeddable":true,"href":"https:\/\/anotherbrand.de\/en\/wp-json\/wp\/v2\/product_tag?post=26930"}],"curies":[{"name":"wp","href":"https:\/\/api.w.org\/{rel}","templated":true}]}}