{"id":26664,"date":"2026-02-14T00:47:54","date_gmt":"2026-02-13T23:47:54","guid":{"rendered":"https:\/\/anotherbrand.de\/?post_type=product&#038;p=26664"},"modified":"2026-02-14T01:10:27","modified_gmt":"2026-02-14T00:10:27","slug":"kaschmir-strickjacke-mit-kontrastnaehten-fuchsia","status":"publish","type":"product","link":"https:\/\/anotherbrand.de\/en\/product\/kaschmir-strickjacke-mit-kontrastnaehten-fuchsia\/","title":{"rendered":"Kaschmir Strickjacke mit Kontrastn\u00e4hten fuchsia"},"content":{"rendered":"<p class=\"p1\">L\u00e4ssiger fuchsia farbener Cashmere Cardigan mit Kontrastn\u00e4hten<\/p>\n<ul>\n<li>F\u00e4llt der Gr\u00f6\u00dfe entsprechend normal aus<\/li>\n<li>L\u00e4ssige Passform<\/li>\n<li>V-Ausschnitt<\/li>\n<li>handgestickte, kontrastfarbene N\u00e4hte in Farbe gelb an Seitennaht und \u00c4rmel<\/li>\n<li>kleines Ajourherz hinten<\/li>\n<li>100% cruelty free cashmere<\/li>\n<li>Das Model misst 175 cm und tr\u00e4gt Gr. M<\/li>\n<\/ul>\n","protected":false},"excerpt":{"rendered":"<p>Kaschmir Cardigan in fuchsia mit Kontrastn\u00e4hten<\/p>\n","protected":false},"featured_media":26674,"template":"","meta":[],"product_brand":[],"product_cat":[28,83,303,60],"product_tag":[],"class_list":{"0":"post-26664","1":"product","2":"type-product","3":"status-publish","4":"has-post-thumbnail","6":"product_cat-alle-produkte","7":"product_cat-cashmere","8":"product_cat-jacken","9":"product_cat-new-in","10":"pa_colour-pink","11":"pa_size-l","12":"pa_size-m","13":"pa_size-s","14":"pa_size-xl","16":"first","17":"instock","18":"taxable","19":"shipping-taxable","20":"purchasable","21":"product-type-variable","22":"has-default-attributes"},"yoast_head":"<!-- This site is optimized with the Yoast SEO plugin v27.2 - https:\/\/yoast.com\/product\/yoast-seo-wordpress\/ -->\n<title>Kaschmir Strickjacke mit Kontrastn\u00e4hten fuchsia - Another Brand<\/title>\n<meta name=\"description\" content=\"Strickjacke im leuchtendem Fuchsia mit farblich abgesetzten Kontrastn\u00e4hten. Das Design wurde aus 100% Kaschmir unter ethischen Standards gefertigt.\" \/>\n<meta name=\"robots\" content=\"index, follow, max-snippet:-1, max-image-preview:large, max-video-preview:-1\" \/>\n<link rel=\"canonical\" href=\"https:\/\/anotherbrand.de\/product\/kaschmir-strickjacke-mit-kontrastnaehten-fuchsia\/\" \/>\n<meta property=\"og:locale\" content=\"en_US\" \/>\n<meta property=\"og:type\" content=\"article\" \/>\n<meta property=\"og:title\" content=\"Kaschmir Strickjacke mit Kontrastn\u00e4hten fuchsia - Another Brand\" \/>\n<meta property=\"og:description\" content=\"Strickjacke im leuchtendem Fuchsia mit farblich abgesetzten Kontrastn\u00e4hten. Das Design wurde aus 100% Kaschmir unter ethischen Standards gefertigt.\" \/>\n<meta property=\"og:url\" content=\"https:\/\/anotherbrand.de\/product\/kaschmir-strickjacke-mit-kontrastnaehten-fuchsia\/\" \/>\n<meta property=\"og:site_name\" content=\"Another Brand\" \/>\n<meta property=\"article:publisher\" content=\"https:\/\/www.facebook.com\/anotherbrand.de\/\" \/>\n<meta property=\"article:modified_time\" content=\"2026-02-14T00:10:27+00:00\" \/>\n<meta property=\"og:image\" content=\"https:\/\/anotherbrand.de\/wp-content\/uploads\/2026\/02\/Kaschmir-cardigan-fuxia-a.jpg\" \/>\n\t<meta property=\"og:image:width\" content=\"900\" \/>\n\t<meta property=\"og:image:height\" content=\"1200\" \/>\n\t<meta property=\"og:image:type\" content=\"image\/jpeg\" \/>\n<meta name=\"twitter:card\" content=\"summary_large_image\" \/>\n<meta name=\"twitter:label1\" content=\"Est. reading time\" \/>\n\t<meta name=\"twitter:data1\" content=\"1 minute\" \/>\n<script type=\"application\/ld+json\" class=\"yoast-schema-graph\">{\"@context\":\"https:\/\/schema.org\",\"@graph\":[{\"@type\":\"WebPage\",\"@id\":\"https:\/\/anotherbrand.de\/product\/kaschmir-strickjacke-mit-kontrastnaehten-fuchsia\/\",\"url\":\"https:\/\/anotherbrand.de\/product\/kaschmir-strickjacke-mit-kontrastnaehten-fuchsia\/\",\"name\":\"Kaschmir Strickjacke mit Kontrastn\u00e4hten fuchsia - Another Brand\",\"isPartOf\":{\"@id\":\"https:\/\/anotherbrand.de\/#website\"},\"primaryImageOfPage\":{\"@id\":\"https:\/\/anotherbrand.de\/product\/kaschmir-strickjacke-mit-kontrastnaehten-fuchsia\/#primaryimage\"},\"image\":{\"@id\":\"https:\/\/anotherbrand.de\/product\/kaschmir-strickjacke-mit-kontrastnaehten-fuchsia\/#primaryimage\"},\"thumbnailUrl\":\"https:\/\/anotherbrand.de\/wp-content\/uploads\/2026\/02\/Kaschmir-cardigan-fuxia-a.jpg\",\"datePublished\":\"2026-02-13T23:47:54+00:00\",\"dateModified\":\"2026-02-14T00:10:27+00:00\",\"description\":\"Strickjacke im leuchtendem Fuchsia mit farblich abgesetzten Kontrastn\u00e4hten. Das Design wurde aus 100% Kaschmir unter ethischen Standards gefertigt.\",\"breadcrumb\":{\"@id\":\"https:\/\/anotherbrand.de\/product\/kaschmir-strickjacke-mit-kontrastnaehten-fuchsia\/#breadcrumb\"},\"inLanguage\":\"en-US\",\"potentialAction\":[{\"@type\":\"ReadAction\",\"target\":[\"https:\/\/anotherbrand.de\/product\/kaschmir-strickjacke-mit-kontrastnaehten-fuchsia\/\"]}]},{\"@type\":\"ImageObject\",\"inLanguage\":\"en-US\",\"@id\":\"https:\/\/anotherbrand.de\/product\/kaschmir-strickjacke-mit-kontrastnaehten-fuchsia\/#primaryimage\",\"url\":\"https:\/\/anotherbrand.de\/wp-content\/uploads\/2026\/02\/Kaschmir-cardigan-fuxia-a.jpg\",\"contentUrl\":\"https:\/\/anotherbrand.de\/wp-content\/uploads\/2026\/02\/Kaschmir-cardigan-fuxia-a.jpg\",\"width\":900,\"height\":1200,\"caption\":\"Cardigan in fuchsia mit Kontrastnaht in gelb\"},{\"@type\":\"BreadcrumbList\",\"@id\":\"https:\/\/anotherbrand.de\/product\/kaschmir-strickjacke-mit-kontrastnaehten-fuchsia\/#breadcrumb\",\"itemListElement\":[{\"@type\":\"ListItem\",\"position\":1,\"name\":\"Startseite\",\"item\":\"https:\/\/anotherbrand.de\/\"},{\"@type\":\"ListItem\",\"position\":2,\"name\":\"Shop\",\"item\":\"https:\/\/anotherbrand.de\/en\/shop\/\"},{\"@type\":\"ListItem\",\"position\":3,\"name\":\"Kaschmir Strickjacke mit Kontrastn\u00e4hten fuchsia\"}]},{\"@type\":\"WebSite\",\"@id\":\"https:\/\/anotherbrand.de\/#website\",\"url\":\"https:\/\/anotherbrand.de\/\",\"name\":\"Another Brand\",\"description\":\"Clothes - Fair Fashion - Kashmir\",\"publisher\":{\"@id\":\"https:\/\/anotherbrand.de\/#organization\"},\"alternateName\":\"Inspiring Designs. Naturally sustainable.\",\"potentialAction\":[{\"@type\":\"SearchAction\",\"target\":{\"@type\":\"EntryPoint\",\"urlTemplate\":\"https:\/\/anotherbrand.de\/?s={search_term_string}\"},\"query-input\":{\"@type\":\"PropertyValueSpecification\",\"valueRequired\":true,\"valueName\":\"search_term_string\"}}],\"inLanguage\":\"en-US\"},{\"@type\":\"Organization\",\"@id\":\"https:\/\/anotherbrand.de\/#organization\",\"name\":\"another brand\",\"alternateName\":\"another brand - fair fashion Munich\",\"url\":\"https:\/\/anotherbrand.de\/\",\"logo\":{\"@type\":\"ImageObject\",\"inLanguage\":\"en-US\",\"@id\":\"https:\/\/anotherbrand.de\/#\/schema\/logo\/image\/\",\"url\":\"https:\/\/anotherbrand.de\/wp-content\/uploads\/2020\/08\/cropped-ab_logo_site-icon.jpg\",\"contentUrl\":\"https:\/\/anotherbrand.de\/wp-content\/uploads\/2020\/08\/cropped-ab_logo_site-icon.jpg\",\"width\":512,\"height\":512,\"caption\":\"another brand\"},\"image\":{\"@id\":\"https:\/\/anotherbrand.de\/#\/schema\/logo\/image\/\"},\"sameAs\":[\"https:\/\/www.facebook.com\/anotherbrand.de\/\"]}]}<\/script>\n<!-- \/ Yoast SEO plugin. -->","yoast_head_json":{"title":"Kaschmir Strickjacke mit Kontrastn\u00e4hten fuchsia - Another Brand","description":"Strickjacke im leuchtendem Fuchsia mit farblich abgesetzten Kontrastn\u00e4hten. Das Design wurde aus 100% Kaschmir unter ethischen Standards gefertigt.","robots":{"index":"index","follow":"follow","max-snippet":"max-snippet:-1","max-image-preview":"max-image-preview:large","max-video-preview":"max-video-preview:-1"},"canonical":"https:\/\/anotherbrand.de\/product\/kaschmir-strickjacke-mit-kontrastnaehten-fuchsia\/","og_locale":"en_US","og_type":"article","og_title":"Kaschmir Strickjacke mit Kontrastn\u00e4hten fuchsia - Another Brand","og_description":"Strickjacke im leuchtendem Fuchsia mit farblich abgesetzten Kontrastn\u00e4hten. Das Design wurde aus 100% Kaschmir unter ethischen Standards gefertigt.","og_url":"https:\/\/anotherbrand.de\/product\/kaschmir-strickjacke-mit-kontrastnaehten-fuchsia\/","og_site_name":"Another Brand","article_publisher":"https:\/\/www.facebook.com\/anotherbrand.de\/","article_modified_time":"2026-02-14T00:10:27+00:00","og_image":[{"width":900,"height":1200,"url":"https:\/\/anotherbrand.de\/wp-content\/uploads\/2026\/02\/Kaschmir-cardigan-fuxia-a.jpg","type":"image\/jpeg"}],"twitter_card":"summary_large_image","twitter_misc":{"Est. reading time":"1 minute"},"schema":{"@context":"https:\/\/schema.org","@graph":[{"@type":"WebPage","@id":"https:\/\/anotherbrand.de\/product\/kaschmir-strickjacke-mit-kontrastnaehten-fuchsia\/","url":"https:\/\/anotherbrand.de\/product\/kaschmir-strickjacke-mit-kontrastnaehten-fuchsia\/","name":"Kaschmir Strickjacke mit Kontrastn\u00e4hten fuchsia - Another Brand","isPartOf":{"@id":"https:\/\/anotherbrand.de\/#website"},"primaryImageOfPage":{"@id":"https:\/\/anotherbrand.de\/product\/kaschmir-strickjacke-mit-kontrastnaehten-fuchsia\/#primaryimage"},"image":{"@id":"https:\/\/anotherbrand.de\/product\/kaschmir-strickjacke-mit-kontrastnaehten-fuchsia\/#primaryimage"},"thumbnailUrl":"https:\/\/anotherbrand.de\/wp-content\/uploads\/2026\/02\/Kaschmir-cardigan-fuxia-a.jpg","datePublished":"2026-02-13T23:47:54+00:00","dateModified":"2026-02-14T00:10:27+00:00","description":"Strickjacke im leuchtendem Fuchsia mit farblich abgesetzten Kontrastn\u00e4hten. Das Design wurde aus 100% Kaschmir unter ethischen Standards gefertigt.","breadcrumb":{"@id":"https:\/\/anotherbrand.de\/product\/kaschmir-strickjacke-mit-kontrastnaehten-fuchsia\/#breadcrumb"},"inLanguage":"en-US","potentialAction":[{"@type":"ReadAction","target":["https:\/\/anotherbrand.de\/product\/kaschmir-strickjacke-mit-kontrastnaehten-fuchsia\/"]}]},{"@type":"ImageObject","inLanguage":"en-US","@id":"https:\/\/anotherbrand.de\/product\/kaschmir-strickjacke-mit-kontrastnaehten-fuchsia\/#primaryimage","url":"https:\/\/anotherbrand.de\/wp-content\/uploads\/2026\/02\/Kaschmir-cardigan-fuxia-a.jpg","contentUrl":"https:\/\/anotherbrand.de\/wp-content\/uploads\/2026\/02\/Kaschmir-cardigan-fuxia-a.jpg","width":900,"height":1200,"caption":"Cardigan in fuchsia mit Kontrastnaht in gelb"},{"@type":"BreadcrumbList","@id":"https:\/\/anotherbrand.de\/product\/kaschmir-strickjacke-mit-kontrastnaehten-fuchsia\/#breadcrumb","itemListElement":[{"@type":"ListItem","position":1,"name":"Startseite","item":"https:\/\/anotherbrand.de\/"},{"@type":"ListItem","position":2,"name":"Shop","item":"https:\/\/anotherbrand.de\/en\/shop\/"},{"@type":"ListItem","position":3,"name":"Kaschmir Strickjacke mit Kontrastn\u00e4hten fuchsia"}]},{"@type":"WebSite","@id":"https:\/\/anotherbrand.de\/#website","url":"https:\/\/anotherbrand.de\/","name":"Another Brand","description":"Clothes - Fair Fashion - Kashmir","publisher":{"@id":"https:\/\/anotherbrand.de\/#organization"},"alternateName":"Inspiring Designs. Naturally sustainable.","potentialAction":[{"@type":"SearchAction","target":{"@type":"EntryPoint","urlTemplate":"https:\/\/anotherbrand.de\/?s={search_term_string}"},"query-input":{"@type":"PropertyValueSpecification","valueRequired":true,"valueName":"search_term_string"}}],"inLanguage":"en-US"},{"@type":"Organization","@id":"https:\/\/anotherbrand.de\/#organization","name":"another brand","alternateName":"another brand - fair fashion Munich","url":"https:\/\/anotherbrand.de\/","logo":{"@type":"ImageObject","inLanguage":"en-US","@id":"https:\/\/anotherbrand.de\/#\/schema\/logo\/image\/","url":"https:\/\/anotherbrand.de\/wp-content\/uploads\/2020\/08\/cropped-ab_logo_site-icon.jpg","contentUrl":"https:\/\/anotherbrand.de\/wp-content\/uploads\/2020\/08\/cropped-ab_logo_site-icon.jpg","width":512,"height":512,"caption":"another brand"},"image":{"@id":"https:\/\/anotherbrand.de\/#\/schema\/logo\/image\/"},"sameAs":["https:\/\/www.facebook.com\/anotherbrand.de\/"]}]}},"df_price":349,"df_sale_price":"","df_regular_price":349,"df_image_link":"https:\/\/anotherbrand.de\/wp-content\/uploads\/2026\/02\/Kaschmir-cardigan-fuxia-a-300x400.jpg","_links":{"self":[{"href":"https:\/\/anotherbrand.de\/en\/wp-json\/wp\/v2\/product\/26664","targetHints":{"allow":["GET"]}}],"collection":[{"href":"https:\/\/anotherbrand.de\/en\/wp-json\/wp\/v2\/product"}],"about":[{"href":"https:\/\/anotherbrand.de\/en\/wp-json\/wp\/v2\/types\/product"}],"wp:featuredmedia":[{"embeddable":true,"href":"https:\/\/anotherbrand.de\/en\/wp-json\/wp\/v2\/media\/26674"}],"wp:attachment":[{"href":"https:\/\/anotherbrand.de\/en\/wp-json\/wp\/v2\/media?parent=26664"}],"wp:term":[{"taxonomy":"product_brand","embeddable":true,"href":"https:\/\/anotherbrand.de\/en\/wp-json\/wp\/v2\/product_brand?post=26664"},{"taxonomy":"product_cat","embeddable":true,"href":"https:\/\/anotherbrand.de\/en\/wp-json\/wp\/v2\/product_cat?post=26664"},{"taxonomy":"product_tag","embeddable":true,"href":"https:\/\/anotherbrand.de\/en\/wp-json\/wp\/v2\/product_tag?post=26664"}],"curies":[{"name":"wp","href":"https:\/\/api.w.org\/{rel}","templated":true}]}}