{"id":26647,"date":"2026-02-14T00:02:49","date_gmt":"2026-02-13T23:02:49","guid":{"rendered":"https:\/\/anotherbrand.de\/?post_type=product&#038;p=26647"},"modified":"2026-03-23T16:40:29","modified_gmt":"2026-03-23T15:40:29","slug":"kaschmir-loch-strickjacke-flieder","status":"publish","type":"product","link":"https:\/\/anotherbrand.de\/en\/product\/kaschmir-loch-strickjacke-flieder\/","title":{"rendered":"Kaschmir Loch-Strickjacke flieder"},"content":{"rendered":"<p>Diese fliederfarbene Strickjacke f\u00fcr Damen besticht durch ihr modernes Lochstrickmuster und eine l\u00e4ssige Oversized-Passform. Der tiefe V-Ausschnitt und das weiche Cashmere sorgen f\u00fcr einen femininen, zugleich entspannten Look. Ob offen getragen \u00fcber einer Bluse und Jeans oder geschlossen als kuscheliger Cardigan \u2013 dieser Style l\u00e4sst sich vielseitig kombinieren und ist ein Must-have f\u00fcr moderne Everyday-Outfits.<\/p>\n<ul>\n<li>F\u00e4llt der Gr\u00f6\u00dfe entsprechend normal aus<\/li>\n<li>Dickes Lochstrickmuster<\/li>\n<li>Oversize geschnitten<\/li>\n<li>Breite Rippborte<\/li>\n<li>Tiefer V-Ausschnitt<\/li>\n<li>100% cruelty free cashmere<\/li>\n<\/ul>\n","protected":false},"excerpt":{"rendered":"<p>Strickjacke mit Lochstrickmuster in flieder<\/p>\n","protected":false},"featured_media":25853,"template":"","meta":[],"product_brand":[],"product_cat":[28,83,158,66],"product_tag":[],"class_list":{"0":"post-26647","1":"product","2":"type-product","3":"status-publish","4":"has-post-thumbnail","6":"product_cat-alle-produkte","7":"product_cat-cashmere","8":"product_cat-last-pieces","9":"product_cat-sale","10":"pa_colour-lila","11":"pa_size-l","12":"pa_size-m","13":"pa_size-s","15":"first","16":"instock","17":"sale","18":"taxable","19":"shipping-taxable","20":"purchasable","21":"product-type-variable","22":"has-default-attributes"},"yoast_head":"<!-- This site is optimized with the Yoast SEO plugin v27.2 - https:\/\/yoast.com\/product\/yoast-seo-wordpress\/ -->\n<title>Kaschmir Loch-Strickjacke flieder - Another Brand<\/title>\n<meta name=\"description\" content=\"Fliederfarbene Strickjacke mit Lochstrickmuster in Oversized-Passform. Mit tiefem V-Ausschnitt. Aus 100% Kaschmir unter ethischen Standards gefertigt.\" \/>\n<meta name=\"robots\" content=\"index, follow, max-snippet:-1, max-image-preview:large, max-video-preview:-1\" \/>\n<link rel=\"canonical\" href=\"https:\/\/anotherbrand.de\/product\/kaschmir-loch-strickjacke-flieder\/\" \/>\n<meta property=\"og:locale\" content=\"en_US\" \/>\n<meta property=\"og:type\" content=\"article\" \/>\n<meta property=\"og:title\" content=\"Kaschmir Loch-Strickjacke flieder - Another Brand\" \/>\n<meta property=\"og:description\" content=\"Fliederfarbene Strickjacke mit Lochstrickmuster in Oversized-Passform. Mit tiefem V-Ausschnitt. Aus 100% Kaschmir unter ethischen Standards gefertigt.\" \/>\n<meta property=\"og:url\" content=\"https:\/\/anotherbrand.de\/product\/kaschmir-loch-strickjacke-flieder\/\" \/>\n<meta property=\"og:site_name\" content=\"Another Brand\" \/>\n<meta property=\"article:publisher\" content=\"https:\/\/www.facebook.com\/anotherbrand.de\/\" \/>\n<meta property=\"article:modified_time\" content=\"2026-03-23T15:40:29+00:00\" \/>\n<meta property=\"og:image\" content=\"https:\/\/anotherbrand.de\/wp-content\/uploads\/2025\/11\/Strickjacke-kaschmir-net-lila-a.jpg\" \/>\n\t<meta property=\"og:image:width\" content=\"900\" \/>\n\t<meta property=\"og:image:height\" content=\"1200\" \/>\n\t<meta property=\"og:image:type\" content=\"image\/jpeg\" \/>\n<meta name=\"twitter:card\" content=\"summary_large_image\" \/>\n<meta name=\"twitter:label1\" content=\"Est. reading time\" \/>\n\t<meta name=\"twitter:data1\" content=\"1 minute\" \/>\n<script type=\"application\/ld+json\" class=\"yoast-schema-graph\">{\"@context\":\"https:\/\/schema.org\",\"@graph\":[{\"@type\":\"WebPage\",\"@id\":\"https:\/\/anotherbrand.de\/product\/kaschmir-loch-strickjacke-flieder\/\",\"url\":\"https:\/\/anotherbrand.de\/product\/kaschmir-loch-strickjacke-flieder\/\",\"name\":\"Kaschmir Loch-Strickjacke flieder - Another Brand\",\"isPartOf\":{\"@id\":\"https:\/\/anotherbrand.de\/#website\"},\"primaryImageOfPage\":{\"@id\":\"https:\/\/anotherbrand.de\/product\/kaschmir-loch-strickjacke-flieder\/#primaryimage\"},\"image\":{\"@id\":\"https:\/\/anotherbrand.de\/product\/kaschmir-loch-strickjacke-flieder\/#primaryimage\"},\"thumbnailUrl\":\"https:\/\/anotherbrand.de\/wp-content\/uploads\/2025\/11\/Strickjacke-kaschmir-net-lila-a.jpg\",\"datePublished\":\"2026-02-13T23:02:49+00:00\",\"dateModified\":\"2026-03-23T15:40:29+00:00\",\"description\":\"Fliederfarbene Strickjacke mit Lochstrickmuster in Oversized-Passform. Mit tiefem V-Ausschnitt. Aus 100% Kaschmir unter ethischen Standards gefertigt.\",\"breadcrumb\":{\"@id\":\"https:\/\/anotherbrand.de\/product\/kaschmir-loch-strickjacke-flieder\/#breadcrumb\"},\"inLanguage\":\"en-US\",\"potentialAction\":[{\"@type\":\"ReadAction\",\"target\":[\"https:\/\/anotherbrand.de\/product\/kaschmir-loch-strickjacke-flieder\/\"]}]},{\"@type\":\"ImageObject\",\"inLanguage\":\"en-US\",\"@id\":\"https:\/\/anotherbrand.de\/product\/kaschmir-loch-strickjacke-flieder\/#primaryimage\",\"url\":\"https:\/\/anotherbrand.de\/wp-content\/uploads\/2025\/11\/Strickjacke-kaschmir-net-lila-a.jpg\",\"contentUrl\":\"https:\/\/anotherbrand.de\/wp-content\/uploads\/2025\/11\/Strickjacke-kaschmir-net-lila-a.jpg\",\"width\":900,\"height\":1200,\"caption\":\"Lochstrickjacke in lila Vorderansicht\"},{\"@type\":\"BreadcrumbList\",\"@id\":\"https:\/\/anotherbrand.de\/product\/kaschmir-loch-strickjacke-flieder\/#breadcrumb\",\"itemListElement\":[{\"@type\":\"ListItem\",\"position\":1,\"name\":\"Startseite\",\"item\":\"https:\/\/anotherbrand.de\/\"},{\"@type\":\"ListItem\",\"position\":2,\"name\":\"Shop\",\"item\":\"https:\/\/anotherbrand.de\/en\/shop\/\"},{\"@type\":\"ListItem\",\"position\":3,\"name\":\"Kaschmir Loch-Strickjacke flieder\"}]},{\"@type\":\"WebSite\",\"@id\":\"https:\/\/anotherbrand.de\/#website\",\"url\":\"https:\/\/anotherbrand.de\/\",\"name\":\"Another Brand\",\"description\":\"Clothes - Fair Fashion - Kashmir\",\"publisher\":{\"@id\":\"https:\/\/anotherbrand.de\/#organization\"},\"alternateName\":\"Inspiring Designs. Naturally sustainable.\",\"potentialAction\":[{\"@type\":\"SearchAction\",\"target\":{\"@type\":\"EntryPoint\",\"urlTemplate\":\"https:\/\/anotherbrand.de\/?s={search_term_string}\"},\"query-input\":{\"@type\":\"PropertyValueSpecification\",\"valueRequired\":true,\"valueName\":\"search_term_string\"}}],\"inLanguage\":\"en-US\"},{\"@type\":\"Organization\",\"@id\":\"https:\/\/anotherbrand.de\/#organization\",\"name\":\"another brand\",\"alternateName\":\"another brand - fair fashion Munich\",\"url\":\"https:\/\/anotherbrand.de\/\",\"logo\":{\"@type\":\"ImageObject\",\"inLanguage\":\"en-US\",\"@id\":\"https:\/\/anotherbrand.de\/#\/schema\/logo\/image\/\",\"url\":\"https:\/\/anotherbrand.de\/wp-content\/uploads\/2020\/08\/cropped-ab_logo_site-icon.jpg\",\"contentUrl\":\"https:\/\/anotherbrand.de\/wp-content\/uploads\/2020\/08\/cropped-ab_logo_site-icon.jpg\",\"width\":512,\"height\":512,\"caption\":\"another brand\"},\"image\":{\"@id\":\"https:\/\/anotherbrand.de\/#\/schema\/logo\/image\/\"},\"sameAs\":[\"https:\/\/www.facebook.com\/anotherbrand.de\/\"]}]}<\/script>\n<!-- \/ Yoast SEO plugin. -->","yoast_head_json":{"title":"Kaschmir Loch-Strickjacke flieder - Another Brand","description":"Fliederfarbene Strickjacke mit Lochstrickmuster in Oversized-Passform. Mit tiefem V-Ausschnitt. Aus 100% Kaschmir unter ethischen Standards gefertigt.","robots":{"index":"index","follow":"follow","max-snippet":"max-snippet:-1","max-image-preview":"max-image-preview:large","max-video-preview":"max-video-preview:-1"},"canonical":"https:\/\/anotherbrand.de\/product\/kaschmir-loch-strickjacke-flieder\/","og_locale":"en_US","og_type":"article","og_title":"Kaschmir Loch-Strickjacke flieder - Another Brand","og_description":"Fliederfarbene Strickjacke mit Lochstrickmuster in Oversized-Passform. Mit tiefem V-Ausschnitt. Aus 100% Kaschmir unter ethischen Standards gefertigt.","og_url":"https:\/\/anotherbrand.de\/product\/kaschmir-loch-strickjacke-flieder\/","og_site_name":"Another Brand","article_publisher":"https:\/\/www.facebook.com\/anotherbrand.de\/","article_modified_time":"2026-03-23T15:40:29+00:00","og_image":[{"width":900,"height":1200,"url":"https:\/\/anotherbrand.de\/wp-content\/uploads\/2025\/11\/Strickjacke-kaschmir-net-lila-a.jpg","type":"image\/jpeg"}],"twitter_card":"summary_large_image","twitter_misc":{"Est. reading time":"1 minute"},"schema":{"@context":"https:\/\/schema.org","@graph":[{"@type":"WebPage","@id":"https:\/\/anotherbrand.de\/product\/kaschmir-loch-strickjacke-flieder\/","url":"https:\/\/anotherbrand.de\/product\/kaschmir-loch-strickjacke-flieder\/","name":"Kaschmir Loch-Strickjacke flieder - Another Brand","isPartOf":{"@id":"https:\/\/anotherbrand.de\/#website"},"primaryImageOfPage":{"@id":"https:\/\/anotherbrand.de\/product\/kaschmir-loch-strickjacke-flieder\/#primaryimage"},"image":{"@id":"https:\/\/anotherbrand.de\/product\/kaschmir-loch-strickjacke-flieder\/#primaryimage"},"thumbnailUrl":"https:\/\/anotherbrand.de\/wp-content\/uploads\/2025\/11\/Strickjacke-kaschmir-net-lila-a.jpg","datePublished":"2026-02-13T23:02:49+00:00","dateModified":"2026-03-23T15:40:29+00:00","description":"Fliederfarbene Strickjacke mit Lochstrickmuster in Oversized-Passform. Mit tiefem V-Ausschnitt. Aus 100% Kaschmir unter ethischen Standards gefertigt.","breadcrumb":{"@id":"https:\/\/anotherbrand.de\/product\/kaschmir-loch-strickjacke-flieder\/#breadcrumb"},"inLanguage":"en-US","potentialAction":[{"@type":"ReadAction","target":["https:\/\/anotherbrand.de\/product\/kaschmir-loch-strickjacke-flieder\/"]}]},{"@type":"ImageObject","inLanguage":"en-US","@id":"https:\/\/anotherbrand.de\/product\/kaschmir-loch-strickjacke-flieder\/#primaryimage","url":"https:\/\/anotherbrand.de\/wp-content\/uploads\/2025\/11\/Strickjacke-kaschmir-net-lila-a.jpg","contentUrl":"https:\/\/anotherbrand.de\/wp-content\/uploads\/2025\/11\/Strickjacke-kaschmir-net-lila-a.jpg","width":900,"height":1200,"caption":"Lochstrickjacke in lila Vorderansicht"},{"@type":"BreadcrumbList","@id":"https:\/\/anotherbrand.de\/product\/kaschmir-loch-strickjacke-flieder\/#breadcrumb","itemListElement":[{"@type":"ListItem","position":1,"name":"Startseite","item":"https:\/\/anotherbrand.de\/"},{"@type":"ListItem","position":2,"name":"Shop","item":"https:\/\/anotherbrand.de\/en\/shop\/"},{"@type":"ListItem","position":3,"name":"Kaschmir Loch-Strickjacke flieder"}]},{"@type":"WebSite","@id":"https:\/\/anotherbrand.de\/#website","url":"https:\/\/anotherbrand.de\/","name":"Another Brand","description":"Clothes - Fair Fashion - Kashmir","publisher":{"@id":"https:\/\/anotherbrand.de\/#organization"},"alternateName":"Inspiring Designs. Naturally sustainable.","potentialAction":[{"@type":"SearchAction","target":{"@type":"EntryPoint","urlTemplate":"https:\/\/anotherbrand.de\/?s={search_term_string}"},"query-input":{"@type":"PropertyValueSpecification","valueRequired":true,"valueName":"search_term_string"}}],"inLanguage":"en-US"},{"@type":"Organization","@id":"https:\/\/anotherbrand.de\/#organization","name":"another brand","alternateName":"another brand - fair fashion Munich","url":"https:\/\/anotherbrand.de\/","logo":{"@type":"ImageObject","inLanguage":"en-US","@id":"https:\/\/anotherbrand.de\/#\/schema\/logo\/image\/","url":"https:\/\/anotherbrand.de\/wp-content\/uploads\/2020\/08\/cropped-ab_logo_site-icon.jpg","contentUrl":"https:\/\/anotherbrand.de\/wp-content\/uploads\/2020\/08\/cropped-ab_logo_site-icon.jpg","width":512,"height":512,"caption":"another brand"},"image":{"@id":"https:\/\/anotherbrand.de\/#\/schema\/logo\/image\/"},"sameAs":["https:\/\/www.facebook.com\/anotherbrand.de\/"]}]}},"df_price":239,"df_sale_price":"","df_regular_price":239,"df_image_link":"https:\/\/anotherbrand.de\/wp-content\/uploads\/2025\/11\/Strickjacke-kaschmir-net-lila-a-300x400.jpg","_links":{"self":[{"href":"https:\/\/anotherbrand.de\/en\/wp-json\/wp\/v2\/product\/26647","targetHints":{"allow":["GET"]}}],"collection":[{"href":"https:\/\/anotherbrand.de\/en\/wp-json\/wp\/v2\/product"}],"about":[{"href":"https:\/\/anotherbrand.de\/en\/wp-json\/wp\/v2\/types\/product"}],"wp:featuredmedia":[{"embeddable":true,"href":"https:\/\/anotherbrand.de\/en\/wp-json\/wp\/v2\/media\/25853"}],"wp:attachment":[{"href":"https:\/\/anotherbrand.de\/en\/wp-json\/wp\/v2\/media?parent=26647"}],"wp:term":[{"taxonomy":"product_brand","embeddable":true,"href":"https:\/\/anotherbrand.de\/en\/wp-json\/wp\/v2\/product_brand?post=26647"},{"taxonomy":"product_cat","embeddable":true,"href":"https:\/\/anotherbrand.de\/en\/wp-json\/wp\/v2\/product_cat?post=26647"},{"taxonomy":"product_tag","embeddable":true,"href":"https:\/\/anotherbrand.de\/en\/wp-json\/wp\/v2\/product_tag?post=26647"}],"curies":[{"name":"wp","href":"https:\/\/api.w.org\/{rel}","templated":true}]}}