{"id":26315,"date":"2026-01-08T17:27:38","date_gmt":"2026-01-08T16:27:38","guid":{"rendered":"https:\/\/anotherbrand.de\/?post_type=product&#038;p=26315"},"modified":"2026-01-30T01:23:42","modified_gmt":"2026-01-30T00:23:42","slug":"kaschmir-lurex-pullover-hellgrau","status":"publish","type":"product","link":"https:\/\/anotherbrand.de\/en\/product\/kaschmir-lurex-pullover-hellgrau\/","title":{"rendered":"Kaschmir Lurex Pullover hellgrau"},"content":{"rendered":"<p>Klassisches hellgrau melange trifft auf moderne Schlichtheit: Dieser Pullover \u00fcberzeugt mit einer klaren, geradlinigen Silhouette, die das edle, fein schimmernde Lurexgarn stilvoll in Szene setzt. Das weiche Material sorgt f\u00fcr ein angenehmes Tragegef\u00fchl, w\u00e4hrend au\u00dfenliegende N\u00e4hte dem femininen Look eine moderne, l\u00e4ssige Note verleihen. Ein eleganter Allrounder f\u00fcr jeden Anlass.<\/p>\n<ul>\n<li>F\u00e4llt der Gr\u00f6\u00dfe entsprechend normal aus<\/li>\n<li>klassischer Schnitt<\/li>\n<li>100% cruelty free cashmere<\/li>\n<\/ul>\n","protected":false},"excerpt":{"rendered":"<p>Kaschmirpullover mit Lurex in hellgrau<\/p>\n","protected":false},"featured_media":26327,"template":"","meta":[],"product_brand":[],"product_cat":[28,83,66],"product_tag":[],"class_list":{"0":"post-26315","1":"product","2":"type-product","3":"status-publish","4":"has-post-thumbnail","6":"product_cat-alle-produkte","7":"product_cat-cashmere","8":"product_cat-sale","9":"pa_colour-light-grey-melange","10":"pa_size-l","11":"pa_size-m","12":"pa_size-s","13":"pa_size-xl","15":"first","16":"instock","17":"sale","18":"taxable","19":"shipping-taxable","20":"purchasable","21":"product-type-variable","22":"has-default-attributes"},"yoast_head":"<!-- This site is optimized with the Yoast SEO plugin v27.3 - https:\/\/yoast.com\/product\/yoast-seo-wordpress\/ -->\n<title>Kaschmir Lurex Pullover hellgrau - Another Brand<\/title>\n<meta name=\"description\" content=\"Gerade geschnittener hellgrauer Pullover mit feinem Lurexgarn und nach au\u00dfen gedrehten N\u00e4hten. Aus 100% Kaschmir unter ethischen Standards gefertigt.\" \/>\n<meta name=\"robots\" content=\"index, follow, max-snippet:-1, max-image-preview:large, max-video-preview:-1\" \/>\n<link rel=\"canonical\" href=\"https:\/\/anotherbrand.de\/product\/kaschmir-lurex-pullover-hellgrau\/\" \/>\n<meta property=\"og:locale\" content=\"en_US\" \/>\n<meta property=\"og:type\" content=\"article\" \/>\n<meta property=\"og:title\" content=\"Kaschmir Lurex Pullover hellgrau - Another Brand\" \/>\n<meta property=\"og:description\" content=\"Gerade geschnittener hellgrauer Pullover mit feinem Lurexgarn und nach au\u00dfen gedrehten N\u00e4hten. Aus 100% Kaschmir unter ethischen Standards gefertigt.\" \/>\n<meta property=\"og:url\" content=\"https:\/\/anotherbrand.de\/product\/kaschmir-lurex-pullover-hellgrau\/\" \/>\n<meta property=\"og:site_name\" content=\"Another Brand\" \/>\n<meta property=\"article:publisher\" content=\"https:\/\/www.facebook.com\/anotherbrand.de\/\" \/>\n<meta property=\"article:modified_time\" content=\"2026-01-30T00:23:42+00:00\" \/>\n<meta property=\"og:image\" content=\"https:\/\/anotherbrand.de\/wp-content\/uploads\/2026\/01\/kaschmir-pullover-basic-hellgrau-lurex-a.jpg\" \/>\n\t<meta property=\"og:image:width\" content=\"900\" \/>\n\t<meta property=\"og:image:height\" content=\"1200\" \/>\n\t<meta property=\"og:image:type\" content=\"image\/jpeg\" \/>\n<meta name=\"twitter:card\" content=\"summary_large_image\" \/>\n<meta name=\"twitter:label1\" content=\"Est. reading time\" \/>\n\t<meta name=\"twitter:data1\" content=\"1 minute\" \/>\n<script type=\"application\/ld+json\" class=\"yoast-schema-graph\">{\"@context\":\"https:\\\/\\\/schema.org\",\"@graph\":[{\"@type\":\"WebPage\",\"@id\":\"https:\\\/\\\/anotherbrand.de\\\/product\\\/kaschmir-lurex-pullover-hellgrau\\\/\",\"url\":\"https:\\\/\\\/anotherbrand.de\\\/product\\\/kaschmir-lurex-pullover-hellgrau\\\/\",\"name\":\"Kaschmir Lurex Pullover hellgrau - Another Brand\",\"isPartOf\":{\"@id\":\"https:\\\/\\\/anotherbrand.de\\\/#website\"},\"primaryImageOfPage\":{\"@id\":\"https:\\\/\\\/anotherbrand.de\\\/product\\\/kaschmir-lurex-pullover-hellgrau\\\/#primaryimage\"},\"image\":{\"@id\":\"https:\\\/\\\/anotherbrand.de\\\/product\\\/kaschmir-lurex-pullover-hellgrau\\\/#primaryimage\"},\"thumbnailUrl\":\"https:\\\/\\\/anotherbrand.de\\\/wp-content\\\/uploads\\\/2026\\\/01\\\/kaschmir-pullover-basic-hellgrau-lurex-a.jpg\",\"datePublished\":\"2026-01-08T16:27:38+00:00\",\"dateModified\":\"2026-01-30T00:23:42+00:00\",\"description\":\"Gerade geschnittener hellgrauer Pullover mit feinem Lurexgarn und nach au\u00dfen gedrehten N\u00e4hten. Aus 100% Kaschmir unter ethischen Standards gefertigt.\",\"breadcrumb\":{\"@id\":\"https:\\\/\\\/anotherbrand.de\\\/product\\\/kaschmir-lurex-pullover-hellgrau\\\/#breadcrumb\"},\"inLanguage\":\"en-US\",\"potentialAction\":[{\"@type\":\"ReadAction\",\"target\":[\"https:\\\/\\\/anotherbrand.de\\\/product\\\/kaschmir-lurex-pullover-hellgrau\\\/\"]}]},{\"@type\":\"ImageObject\",\"inLanguage\":\"en-US\",\"@id\":\"https:\\\/\\\/anotherbrand.de\\\/product\\\/kaschmir-lurex-pullover-hellgrau\\\/#primaryimage\",\"url\":\"https:\\\/\\\/anotherbrand.de\\\/wp-content\\\/uploads\\\/2026\\\/01\\\/kaschmir-pullover-basic-hellgrau-lurex-a.jpg\",\"contentUrl\":\"https:\\\/\\\/anotherbrand.de\\\/wp-content\\\/uploads\\\/2026\\\/01\\\/kaschmir-pullover-basic-hellgrau-lurex-a.jpg\",\"width\":900,\"height\":1200,\"caption\":\"Kachmir Pullover basic mit lurex in hellgrau\"},{\"@type\":\"BreadcrumbList\",\"@id\":\"https:\\\/\\\/anotherbrand.de\\\/product\\\/kaschmir-lurex-pullover-hellgrau\\\/#breadcrumb\",\"itemListElement\":[{\"@type\":\"ListItem\",\"position\":1,\"name\":\"Startseite\",\"item\":\"https:\\\/\\\/anotherbrand.de\\\/\"},{\"@type\":\"ListItem\",\"position\":2,\"name\":\"Shop\",\"item\":\"https:\\\/\\\/anotherbrand.de\\\/en\\\/shop\\\/\"},{\"@type\":\"ListItem\",\"position\":3,\"name\":\"Kaschmir Lurex Pullover hellgrau\"}]},{\"@type\":\"WebSite\",\"@id\":\"https:\\\/\\\/anotherbrand.de\\\/#website\",\"url\":\"https:\\\/\\\/anotherbrand.de\\\/\",\"name\":\"Another Brand\",\"description\":\"Clothes - Fair Fashion - Kashmir\",\"publisher\":{\"@id\":\"https:\\\/\\\/anotherbrand.de\\\/#organization\"},\"alternateName\":\"Inspiring Designs. Naturally sustainable.\",\"potentialAction\":[{\"@type\":\"SearchAction\",\"target\":{\"@type\":\"EntryPoint\",\"urlTemplate\":\"https:\\\/\\\/anotherbrand.de\\\/?s={search_term_string}\"},\"query-input\":{\"@type\":\"PropertyValueSpecification\",\"valueRequired\":true,\"valueName\":\"search_term_string\"}}],\"inLanguage\":\"en-US\"},{\"@type\":\"Organization\",\"@id\":\"https:\\\/\\\/anotherbrand.de\\\/#organization\",\"name\":\"another brand\",\"alternateName\":\"another brand - fair fashion Munich\",\"url\":\"https:\\\/\\\/anotherbrand.de\\\/\",\"logo\":{\"@type\":\"ImageObject\",\"inLanguage\":\"en-US\",\"@id\":\"https:\\\/\\\/anotherbrand.de\\\/#\\\/schema\\\/logo\\\/image\\\/\",\"url\":\"https:\\\/\\\/anotherbrand.de\\\/wp-content\\\/uploads\\\/2020\\\/08\\\/cropped-ab_logo_site-icon.jpg\",\"contentUrl\":\"https:\\\/\\\/anotherbrand.de\\\/wp-content\\\/uploads\\\/2020\\\/08\\\/cropped-ab_logo_site-icon.jpg\",\"width\":512,\"height\":512,\"caption\":\"another brand\"},\"image\":{\"@id\":\"https:\\\/\\\/anotherbrand.de\\\/#\\\/schema\\\/logo\\\/image\\\/\"},\"sameAs\":[\"https:\\\/\\\/www.facebook.com\\\/anotherbrand.de\\\/\"]}]}<\/script>\n<!-- \/ Yoast SEO plugin. -->","yoast_head_json":{"title":"Kaschmir Lurex Pullover hellgrau - Another Brand","description":"Gerade geschnittener hellgrauer Pullover mit feinem Lurexgarn und nach au\u00dfen gedrehten N\u00e4hten. Aus 100% Kaschmir unter ethischen Standards gefertigt.","robots":{"index":"index","follow":"follow","max-snippet":"max-snippet:-1","max-image-preview":"max-image-preview:large","max-video-preview":"max-video-preview:-1"},"canonical":"https:\/\/anotherbrand.de\/product\/kaschmir-lurex-pullover-hellgrau\/","og_locale":"en_US","og_type":"article","og_title":"Kaschmir Lurex Pullover hellgrau - Another Brand","og_description":"Gerade geschnittener hellgrauer Pullover mit feinem Lurexgarn und nach au\u00dfen gedrehten N\u00e4hten. Aus 100% Kaschmir unter ethischen Standards gefertigt.","og_url":"https:\/\/anotherbrand.de\/product\/kaschmir-lurex-pullover-hellgrau\/","og_site_name":"Another Brand","article_publisher":"https:\/\/www.facebook.com\/anotherbrand.de\/","article_modified_time":"2026-01-30T00:23:42+00:00","og_image":[{"width":900,"height":1200,"url":"https:\/\/anotherbrand.de\/wp-content\/uploads\/2026\/01\/kaschmir-pullover-basic-hellgrau-lurex-a.jpg","type":"image\/jpeg"}],"twitter_card":"summary_large_image","twitter_misc":{"Est. reading time":"1 minute"},"schema":{"@context":"https:\/\/schema.org","@graph":[{"@type":"WebPage","@id":"https:\/\/anotherbrand.de\/product\/kaschmir-lurex-pullover-hellgrau\/","url":"https:\/\/anotherbrand.de\/product\/kaschmir-lurex-pullover-hellgrau\/","name":"Kaschmir Lurex Pullover hellgrau - Another Brand","isPartOf":{"@id":"https:\/\/anotherbrand.de\/#website"},"primaryImageOfPage":{"@id":"https:\/\/anotherbrand.de\/product\/kaschmir-lurex-pullover-hellgrau\/#primaryimage"},"image":{"@id":"https:\/\/anotherbrand.de\/product\/kaschmir-lurex-pullover-hellgrau\/#primaryimage"},"thumbnailUrl":"https:\/\/anotherbrand.de\/wp-content\/uploads\/2026\/01\/kaschmir-pullover-basic-hellgrau-lurex-a.jpg","datePublished":"2026-01-08T16:27:38+00:00","dateModified":"2026-01-30T00:23:42+00:00","description":"Gerade geschnittener hellgrauer Pullover mit feinem Lurexgarn und nach au\u00dfen gedrehten N\u00e4hten. Aus 100% Kaschmir unter ethischen Standards gefertigt.","breadcrumb":{"@id":"https:\/\/anotherbrand.de\/product\/kaschmir-lurex-pullover-hellgrau\/#breadcrumb"},"inLanguage":"en-US","potentialAction":[{"@type":"ReadAction","target":["https:\/\/anotherbrand.de\/product\/kaschmir-lurex-pullover-hellgrau\/"]}]},{"@type":"ImageObject","inLanguage":"en-US","@id":"https:\/\/anotherbrand.de\/product\/kaschmir-lurex-pullover-hellgrau\/#primaryimage","url":"https:\/\/anotherbrand.de\/wp-content\/uploads\/2026\/01\/kaschmir-pullover-basic-hellgrau-lurex-a.jpg","contentUrl":"https:\/\/anotherbrand.de\/wp-content\/uploads\/2026\/01\/kaschmir-pullover-basic-hellgrau-lurex-a.jpg","width":900,"height":1200,"caption":"Kachmir Pullover basic mit lurex in hellgrau"},{"@type":"BreadcrumbList","@id":"https:\/\/anotherbrand.de\/product\/kaschmir-lurex-pullover-hellgrau\/#breadcrumb","itemListElement":[{"@type":"ListItem","position":1,"name":"Startseite","item":"https:\/\/anotherbrand.de\/"},{"@type":"ListItem","position":2,"name":"Shop","item":"https:\/\/anotherbrand.de\/en\/shop\/"},{"@type":"ListItem","position":3,"name":"Kaschmir Lurex Pullover hellgrau"}]},{"@type":"WebSite","@id":"https:\/\/anotherbrand.de\/#website","url":"https:\/\/anotherbrand.de\/","name":"Another Brand","description":"Clothes - Fair Fashion - Kashmir","publisher":{"@id":"https:\/\/anotherbrand.de\/#organization"},"alternateName":"Inspiring Designs. Naturally sustainable.","potentialAction":[{"@type":"SearchAction","target":{"@type":"EntryPoint","urlTemplate":"https:\/\/anotherbrand.de\/?s={search_term_string}"},"query-input":{"@type":"PropertyValueSpecification","valueRequired":true,"valueName":"search_term_string"}}],"inLanguage":"en-US"},{"@type":"Organization","@id":"https:\/\/anotherbrand.de\/#organization","name":"another brand","alternateName":"another brand - fair fashion Munich","url":"https:\/\/anotherbrand.de\/","logo":{"@type":"ImageObject","inLanguage":"en-US","@id":"https:\/\/anotherbrand.de\/#\/schema\/logo\/image\/","url":"https:\/\/anotherbrand.de\/wp-content\/uploads\/2020\/08\/cropped-ab_logo_site-icon.jpg","contentUrl":"https:\/\/anotherbrand.de\/wp-content\/uploads\/2020\/08\/cropped-ab_logo_site-icon.jpg","width":512,"height":512,"caption":"another brand"},"image":{"@id":"https:\/\/anotherbrand.de\/#\/schema\/logo\/image\/"},"sameAs":["https:\/\/www.facebook.com\/anotherbrand.de\/"]}]}},"df_price":185,"df_sale_price":"","df_regular_price":185,"df_image_link":"https:\/\/anotherbrand.de\/wp-content\/uploads\/2026\/01\/kaschmir-pullover-basic-hellgrau-lurex-a-300x400.jpg","_links":{"self":[{"href":"https:\/\/anotherbrand.de\/en\/wp-json\/wp\/v2\/product\/26315","targetHints":{"allow":["GET"]}}],"collection":[{"href":"https:\/\/anotherbrand.de\/en\/wp-json\/wp\/v2\/product"}],"about":[{"href":"https:\/\/anotherbrand.de\/en\/wp-json\/wp\/v2\/types\/product"}],"wp:featuredmedia":[{"embeddable":true,"href":"https:\/\/anotherbrand.de\/en\/wp-json\/wp\/v2\/media\/26327"}],"wp:attachment":[{"href":"https:\/\/anotherbrand.de\/en\/wp-json\/wp\/v2\/media?parent=26315"}],"wp:term":[{"taxonomy":"product_brand","embeddable":true,"href":"https:\/\/anotherbrand.de\/en\/wp-json\/wp\/v2\/product_brand?post=26315"},{"taxonomy":"product_cat","embeddable":true,"href":"https:\/\/anotherbrand.de\/en\/wp-json\/wp\/v2\/product_cat?post=26315"},{"taxonomy":"product_tag","embeddable":true,"href":"https:\/\/anotherbrand.de\/en\/wp-json\/wp\/v2\/product_tag?post=26315"}],"curies":[{"name":"wp","href":"https:\/\/api.w.org\/{rel}","templated":true}]}}