{"id":26289,"date":"2026-01-02T17:37:16","date_gmt":"2026-01-02T16:37:16","guid":{"rendered":"https:\/\/anotherbrand.de\/?post_type=product&#038;p=26289"},"modified":"2026-04-12T15:21:37","modified_gmt":"2026-04-12T13:21:37","slug":"brushed-kaschmir-1-2-arm-pullover-tuerkis","status":"publish","type":"product","link":"https:\/\/anotherbrand.de\/en\/product\/brushed-kaschmir-1-2-arm-pullover-tuerkis\/","title":{"rendered":"Brushed Kaschmir 1\/2-Arm Pullover t\u00fcrkis"},"content":{"rendered":"<p>Dieser 1\/2-Arm Pullover in modernem Retro-Blau wird aus unserem unverkennbar weichen, geb\u00fcrsteten Kaschmir gefertigt \u2013 ein Material so sanft und luxuri\u00f6s wie eine Wolke. Die l\u00e4ssige Passform und die leicht verk\u00fcrzte Silhouette verleihen ihm eine moderne Leichtigkeit. Mit Rundhalsausschnitt und feinen Rippb\u00fcndchen vereint er schlichte Raffinesse und h\u00f6chsten Tragekomfort.<\/p>\n<ul>\n<li>F\u00e4llt der Gr\u00f6\u00dfe entsprechend normal aus<\/li>\n<li>1\/2-Arm Passform<\/li>\n<li>100% cruelty free cashmere<\/li>\n<li>Das Model misst 177cm und tr\u00e4gt Gr. M<\/li>\n<\/ul>\n","protected":false},"excerpt":{"rendered":"<p>Edler Brushed Kaschmirpullover mit 1\/2-Arm in t\u00fcrkis<\/p>\n","protected":false},"featured_media":26294,"template":"","meta":[],"product_brand":[],"product_cat":[28,83,158,66],"product_tag":[],"class_list":{"0":"post-26289","1":"product","2":"type-product","3":"status-publish","4":"has-post-thumbnail","6":"product_cat-alle-produkte","7":"product_cat-cashmere","8":"product_cat-last-pieces","9":"product_cat-sale","10":"pa_colour-blue","11":"pa_size-l","12":"pa_size-s","13":"pa_size-xl","15":"first","16":"instock","17":"sale","18":"taxable","19":"shipping-taxable","20":"purchasable","21":"product-type-variable","22":"has-default-attributes"},"yoast_head":"<!-- This site is optimized with the Yoast SEO plugin v27.3 - https:\/\/yoast.com\/product\/yoast-seo-wordpress\/ -->\n<title>Brushed Kaschmir 1\/2-Arm Pullover t\u00fcrkis - Another Brand<\/title>\n<meta name=\"description\" content=\"1\/2-Arm Pullover in T\u00fcrkis aus super softem, geb\u00fcrstetem Kaschmir gefertigt \u2013 unvergleichlich weich und leicht wie eine Wolke. 100% cruelty free Kaschmir.\" \/>\n<meta name=\"robots\" content=\"index, follow, max-snippet:-1, max-image-preview:large, max-video-preview:-1\" \/>\n<link rel=\"canonical\" href=\"https:\/\/anotherbrand.de\/product\/brushed-kaschmir-1-2-arm-pullover-tuerkis\/\" \/>\n<meta property=\"og:locale\" content=\"en_US\" \/>\n<meta property=\"og:type\" content=\"article\" \/>\n<meta property=\"og:title\" content=\"Brushed Kaschmir 1\/2-Arm Pullover t\u00fcrkis - Another Brand\" \/>\n<meta property=\"og:description\" content=\"1\/2-Arm Pullover in T\u00fcrkis aus super softem, geb\u00fcrstetem Kaschmir gefertigt \u2013 unvergleichlich weich und leicht wie eine Wolke. 100% cruelty free Kaschmir.\" \/>\n<meta property=\"og:url\" content=\"https:\/\/anotherbrand.de\/product\/brushed-kaschmir-1-2-arm-pullover-tuerkis\/\" \/>\n<meta property=\"og:site_name\" content=\"Another Brand\" \/>\n<meta property=\"article:publisher\" content=\"https:\/\/www.facebook.com\/anotherbrand.de\/\" \/>\n<meta property=\"article:modified_time\" content=\"2026-04-12T13:21:37+00:00\" \/>\n<meta property=\"og:image\" content=\"https:\/\/anotherbrand.de\/wp-content\/uploads\/2026\/01\/Halbarm-Pullover-brushed-cashmere-blau-a.jpg\" \/>\n\t<meta property=\"og:image:width\" content=\"900\" \/>\n\t<meta property=\"og:image:height\" content=\"1200\" \/>\n\t<meta property=\"og:image:type\" content=\"image\/jpeg\" \/>\n<meta name=\"twitter:card\" content=\"summary_large_image\" \/>\n<meta name=\"twitter:label1\" content=\"Est. reading time\" \/>\n\t<meta name=\"twitter:data1\" content=\"1 minute\" \/>\n<script type=\"application\/ld+json\" class=\"yoast-schema-graph\">{\"@context\":\"https:\\\/\\\/schema.org\",\"@graph\":[{\"@type\":\"WebPage\",\"@id\":\"https:\\\/\\\/anotherbrand.de\\\/product\\\/brushed-kaschmir-1-2-arm-pullover-tuerkis\\\/\",\"url\":\"https:\\\/\\\/anotherbrand.de\\\/product\\\/brushed-kaschmir-1-2-arm-pullover-tuerkis\\\/\",\"name\":\"Brushed Kaschmir 1\\\/2-Arm Pullover t\u00fcrkis - Another Brand\",\"isPartOf\":{\"@id\":\"https:\\\/\\\/anotherbrand.de\\\/#website\"},\"primaryImageOfPage\":{\"@id\":\"https:\\\/\\\/anotherbrand.de\\\/product\\\/brushed-kaschmir-1-2-arm-pullover-tuerkis\\\/#primaryimage\"},\"image\":{\"@id\":\"https:\\\/\\\/anotherbrand.de\\\/product\\\/brushed-kaschmir-1-2-arm-pullover-tuerkis\\\/#primaryimage\"},\"thumbnailUrl\":\"https:\\\/\\\/anotherbrand.de\\\/wp-content\\\/uploads\\\/2026\\\/01\\\/Halbarm-Pullover-brushed-cashmere-blau-a.jpg\",\"datePublished\":\"2026-01-02T16:37:16+00:00\",\"dateModified\":\"2026-04-12T13:21:37+00:00\",\"description\":\"1\\\/2-Arm Pullover in T\u00fcrkis aus super softem, geb\u00fcrstetem Kaschmir gefertigt \u2013 unvergleichlich weich und leicht wie eine Wolke. 100% cruelty free Kaschmir.\",\"breadcrumb\":{\"@id\":\"https:\\\/\\\/anotherbrand.de\\\/product\\\/brushed-kaschmir-1-2-arm-pullover-tuerkis\\\/#breadcrumb\"},\"inLanguage\":\"en-US\",\"potentialAction\":[{\"@type\":\"ReadAction\",\"target\":[\"https:\\\/\\\/anotherbrand.de\\\/product\\\/brushed-kaschmir-1-2-arm-pullover-tuerkis\\\/\"]}]},{\"@type\":\"ImageObject\",\"inLanguage\":\"en-US\",\"@id\":\"https:\\\/\\\/anotherbrand.de\\\/product\\\/brushed-kaschmir-1-2-arm-pullover-tuerkis\\\/#primaryimage\",\"url\":\"https:\\\/\\\/anotherbrand.de\\\/wp-content\\\/uploads\\\/2026\\\/01\\\/Halbarm-Pullover-brushed-cashmere-blau-a.jpg\",\"contentUrl\":\"https:\\\/\\\/anotherbrand.de\\\/wp-content\\\/uploads\\\/2026\\\/01\\\/Halbarm-Pullover-brushed-cashmere-blau-a.jpg\",\"width\":900,\"height\":1200,\"caption\":\"1\\\/2-Arm Pullover t\u00fcrkis aus brushed Kaschmir Vorderansicht\"},{\"@type\":\"BreadcrumbList\",\"@id\":\"https:\\\/\\\/anotherbrand.de\\\/product\\\/brushed-kaschmir-1-2-arm-pullover-tuerkis\\\/#breadcrumb\",\"itemListElement\":[{\"@type\":\"ListItem\",\"position\":1,\"name\":\"Startseite\",\"item\":\"https:\\\/\\\/anotherbrand.de\\\/\"},{\"@type\":\"ListItem\",\"position\":2,\"name\":\"Shop\",\"item\":\"https:\\\/\\\/anotherbrand.de\\\/en\\\/shop\\\/\"},{\"@type\":\"ListItem\",\"position\":3,\"name\":\"Brushed Kaschmir 1\\\/2-Arm Pullover t\u00fcrkis\"}]},{\"@type\":\"WebSite\",\"@id\":\"https:\\\/\\\/anotherbrand.de\\\/#website\",\"url\":\"https:\\\/\\\/anotherbrand.de\\\/\",\"name\":\"Another Brand\",\"description\":\"Clothes - Fair Fashion - Kashmir\",\"publisher\":{\"@id\":\"https:\\\/\\\/anotherbrand.de\\\/#organization\"},\"alternateName\":\"Inspiring Designs. Naturally sustainable.\",\"potentialAction\":[{\"@type\":\"SearchAction\",\"target\":{\"@type\":\"EntryPoint\",\"urlTemplate\":\"https:\\\/\\\/anotherbrand.de\\\/?s={search_term_string}\"},\"query-input\":{\"@type\":\"PropertyValueSpecification\",\"valueRequired\":true,\"valueName\":\"search_term_string\"}}],\"inLanguage\":\"en-US\"},{\"@type\":\"Organization\",\"@id\":\"https:\\\/\\\/anotherbrand.de\\\/#organization\",\"name\":\"another brand\",\"alternateName\":\"another brand - fair fashion Munich\",\"url\":\"https:\\\/\\\/anotherbrand.de\\\/\",\"logo\":{\"@type\":\"ImageObject\",\"inLanguage\":\"en-US\",\"@id\":\"https:\\\/\\\/anotherbrand.de\\\/#\\\/schema\\\/logo\\\/image\\\/\",\"url\":\"https:\\\/\\\/anotherbrand.de\\\/wp-content\\\/uploads\\\/2020\\\/08\\\/cropped-ab_logo_site-icon.jpg\",\"contentUrl\":\"https:\\\/\\\/anotherbrand.de\\\/wp-content\\\/uploads\\\/2020\\\/08\\\/cropped-ab_logo_site-icon.jpg\",\"width\":512,\"height\":512,\"caption\":\"another brand\"},\"image\":{\"@id\":\"https:\\\/\\\/anotherbrand.de\\\/#\\\/schema\\\/logo\\\/image\\\/\"},\"sameAs\":[\"https:\\\/\\\/www.facebook.com\\\/anotherbrand.de\\\/\"]}]}<\/script>\n<!-- \/ Yoast SEO plugin. -->","yoast_head_json":{"title":"Brushed Kaschmir 1\/2-Arm Pullover t\u00fcrkis - Another Brand","description":"1\/2-Arm Pullover in T\u00fcrkis aus super softem, geb\u00fcrstetem Kaschmir gefertigt \u2013 unvergleichlich weich und leicht wie eine Wolke. 100% cruelty free Kaschmir.","robots":{"index":"index","follow":"follow","max-snippet":"max-snippet:-1","max-image-preview":"max-image-preview:large","max-video-preview":"max-video-preview:-1"},"canonical":"https:\/\/anotherbrand.de\/product\/brushed-kaschmir-1-2-arm-pullover-tuerkis\/","og_locale":"en_US","og_type":"article","og_title":"Brushed Kaschmir 1\/2-Arm Pullover t\u00fcrkis - Another Brand","og_description":"1\/2-Arm Pullover in T\u00fcrkis aus super softem, geb\u00fcrstetem Kaschmir gefertigt \u2013 unvergleichlich weich und leicht wie eine Wolke. 100% cruelty free Kaschmir.","og_url":"https:\/\/anotherbrand.de\/product\/brushed-kaschmir-1-2-arm-pullover-tuerkis\/","og_site_name":"Another Brand","article_publisher":"https:\/\/www.facebook.com\/anotherbrand.de\/","article_modified_time":"2026-04-12T13:21:37+00:00","og_image":[{"width":900,"height":1200,"url":"https:\/\/anotherbrand.de\/wp-content\/uploads\/2026\/01\/Halbarm-Pullover-brushed-cashmere-blau-a.jpg","type":"image\/jpeg"}],"twitter_card":"summary_large_image","twitter_misc":{"Est. reading time":"1 minute"},"schema":{"@context":"https:\/\/schema.org","@graph":[{"@type":"WebPage","@id":"https:\/\/anotherbrand.de\/product\/brushed-kaschmir-1-2-arm-pullover-tuerkis\/","url":"https:\/\/anotherbrand.de\/product\/brushed-kaschmir-1-2-arm-pullover-tuerkis\/","name":"Brushed Kaschmir 1\/2-Arm Pullover t\u00fcrkis - Another Brand","isPartOf":{"@id":"https:\/\/anotherbrand.de\/#website"},"primaryImageOfPage":{"@id":"https:\/\/anotherbrand.de\/product\/brushed-kaschmir-1-2-arm-pullover-tuerkis\/#primaryimage"},"image":{"@id":"https:\/\/anotherbrand.de\/product\/brushed-kaschmir-1-2-arm-pullover-tuerkis\/#primaryimage"},"thumbnailUrl":"https:\/\/anotherbrand.de\/wp-content\/uploads\/2026\/01\/Halbarm-Pullover-brushed-cashmere-blau-a.jpg","datePublished":"2026-01-02T16:37:16+00:00","dateModified":"2026-04-12T13:21:37+00:00","description":"1\/2-Arm Pullover in T\u00fcrkis aus super softem, geb\u00fcrstetem Kaschmir gefertigt \u2013 unvergleichlich weich und leicht wie eine Wolke. 100% cruelty free Kaschmir.","breadcrumb":{"@id":"https:\/\/anotherbrand.de\/product\/brushed-kaschmir-1-2-arm-pullover-tuerkis\/#breadcrumb"},"inLanguage":"en-US","potentialAction":[{"@type":"ReadAction","target":["https:\/\/anotherbrand.de\/product\/brushed-kaschmir-1-2-arm-pullover-tuerkis\/"]}]},{"@type":"ImageObject","inLanguage":"en-US","@id":"https:\/\/anotherbrand.de\/product\/brushed-kaschmir-1-2-arm-pullover-tuerkis\/#primaryimage","url":"https:\/\/anotherbrand.de\/wp-content\/uploads\/2026\/01\/Halbarm-Pullover-brushed-cashmere-blau-a.jpg","contentUrl":"https:\/\/anotherbrand.de\/wp-content\/uploads\/2026\/01\/Halbarm-Pullover-brushed-cashmere-blau-a.jpg","width":900,"height":1200,"caption":"1\/2-Arm Pullover t\u00fcrkis aus brushed Kaschmir Vorderansicht"},{"@type":"BreadcrumbList","@id":"https:\/\/anotherbrand.de\/product\/brushed-kaschmir-1-2-arm-pullover-tuerkis\/#breadcrumb","itemListElement":[{"@type":"ListItem","position":1,"name":"Startseite","item":"https:\/\/anotherbrand.de\/"},{"@type":"ListItem","position":2,"name":"Shop","item":"https:\/\/anotherbrand.de\/en\/shop\/"},{"@type":"ListItem","position":3,"name":"Brushed Kaschmir 1\/2-Arm Pullover t\u00fcrkis"}]},{"@type":"WebSite","@id":"https:\/\/anotherbrand.de\/#website","url":"https:\/\/anotherbrand.de\/","name":"Another Brand","description":"Clothes - Fair Fashion - Kashmir","publisher":{"@id":"https:\/\/anotherbrand.de\/#organization"},"alternateName":"Inspiring Designs. Naturally sustainable.","potentialAction":[{"@type":"SearchAction","target":{"@type":"EntryPoint","urlTemplate":"https:\/\/anotherbrand.de\/?s={search_term_string}"},"query-input":{"@type":"PropertyValueSpecification","valueRequired":true,"valueName":"search_term_string"}}],"inLanguage":"en-US"},{"@type":"Organization","@id":"https:\/\/anotherbrand.de\/#organization","name":"another brand","alternateName":"another brand - fair fashion Munich","url":"https:\/\/anotherbrand.de\/","logo":{"@type":"ImageObject","inLanguage":"en-US","@id":"https:\/\/anotherbrand.de\/#\/schema\/logo\/image\/","url":"https:\/\/anotherbrand.de\/wp-content\/uploads\/2020\/08\/cropped-ab_logo_site-icon.jpg","contentUrl":"https:\/\/anotherbrand.de\/wp-content\/uploads\/2020\/08\/cropped-ab_logo_site-icon.jpg","width":512,"height":512,"caption":"another brand"},"image":{"@id":"https:\/\/anotherbrand.de\/#\/schema\/logo\/image\/"},"sameAs":["https:\/\/www.facebook.com\/anotherbrand.de\/"]}]}},"df_price":269,"df_sale_price":"","df_regular_price":269,"df_image_link":"https:\/\/anotherbrand.de\/wp-content\/uploads\/2026\/01\/Halbarm-Pullover-brushed-cashmere-blau-a-300x400.jpg","_links":{"self":[{"href":"https:\/\/anotherbrand.de\/en\/wp-json\/wp\/v2\/product\/26289","targetHints":{"allow":["GET"]}}],"collection":[{"href":"https:\/\/anotherbrand.de\/en\/wp-json\/wp\/v2\/product"}],"about":[{"href":"https:\/\/anotherbrand.de\/en\/wp-json\/wp\/v2\/types\/product"}],"wp:featuredmedia":[{"embeddable":true,"href":"https:\/\/anotherbrand.de\/en\/wp-json\/wp\/v2\/media\/26294"}],"wp:attachment":[{"href":"https:\/\/anotherbrand.de\/en\/wp-json\/wp\/v2\/media?parent=26289"}],"wp:term":[{"taxonomy":"product_brand","embeddable":true,"href":"https:\/\/anotherbrand.de\/en\/wp-json\/wp\/v2\/product_brand?post=26289"},{"taxonomy":"product_cat","embeddable":true,"href":"https:\/\/anotherbrand.de\/en\/wp-json\/wp\/v2\/product_cat?post=26289"},{"taxonomy":"product_tag","embeddable":true,"href":"https:\/\/anotherbrand.de\/en\/wp-json\/wp\/v2\/product_tag?post=26289"}],"curies":[{"name":"wp","href":"https:\/\/api.w.org\/{rel}","templated":true}]}}