{"id":26194,"date":"2025-12-17T21:11:35","date_gmt":"2025-12-17T20:11:35","guid":{"rendered":"https:\/\/anotherbrand.de\/?post_type=product&#038;p=26194"},"modified":"2026-03-06T16:03:29","modified_gmt":"2026-03-06T15:03:29","slug":"kaschmir-rib-muetze-bordeaux","status":"publish","type":"product","link":"https:\/\/anotherbrand.de\/en\/product\/kaschmir-rib-muetze-bordeaux\/","title":{"rendered":"Kaschmir Rib M\u00fctze bordeaux"},"content":{"rendered":"<p>Die super softe und leichte M\u00fctze in bordeaux mit Umschlag ist das beliebteste Accessoire in den kalten Monaten. Die Winterm\u00fctze ist aus feinstem Kaschmir in Rippenoptik gestrickt. Kaschmir besitzt das h\u00f6chste W\u00e4rmer\u00fcckhalteverm\u00f6gen aller Natur-Edelfasern und ist somit im Vergleich zu anderen Qualit\u00e4ten unschlagbar. Halte Dich warm und setze eine Statement mit dieser M\u00fctze.<\/p>\n<ul>\n<li>Einheitsgr\u00f6\u00dfe, 48cm Kopfumfang<\/li>\n<li>mit Kontraststreifen<\/li>\n<\/ul>\n","protected":false},"excerpt":{"rendered":"<p>Bordeuxfarbene Kaschmir M\u00fctze mit Kontraststreifen in rosa<\/p>\n","protected":false},"featured_media":26192,"template":"","meta":[],"product_brand":[],"product_cat":[177,28,83,66],"product_tag":[],"class_list":{"0":"post-26194","1":"product","2":"type-product","3":"status-publish","4":"has-post-thumbnail","6":"product_cat-accessoires","7":"product_cat-alle-produkte","8":"product_cat-cashmere","9":"product_cat-sale","10":"pa_colour-bordeaux","11":"pa_size-one-size","13":"first","14":"instock","15":"sale","16":"taxable","17":"shipping-taxable","18":"purchasable","19":"product-type-variable","20":"has-default-attributes"},"yoast_head":"<!-- This site is optimized with the Yoast SEO plugin v27.3 - https:\/\/yoast.com\/product\/yoast-seo-wordpress\/ -->\n<title>Kaschmir Rib M\u00fctze bordeaux - Another Brand<\/title>\n<meta name=\"description\" content=\"Modische Winterm\u00fctze aus feinstem Kaschmir in Rippenoptik in bordeaux. Die softe M\u00fctze mit Umschlag und Kontraststreifen h\u00e4lt Dich garantiert warm.\" \/>\n<meta name=\"robots\" content=\"index, follow, max-snippet:-1, max-image-preview:large, max-video-preview:-1\" \/>\n<link rel=\"canonical\" href=\"https:\/\/anotherbrand.de\/product\/kaschmir-rib-muetze-bordeaux\/\" \/>\n<meta property=\"og:locale\" content=\"en_US\" \/>\n<meta property=\"og:type\" content=\"article\" \/>\n<meta property=\"og:title\" content=\"Kaschmir Rib M\u00fctze bordeaux - Another Brand\" \/>\n<meta property=\"og:description\" content=\"Modische Winterm\u00fctze aus feinstem Kaschmir in Rippenoptik in bordeaux. Die softe M\u00fctze mit Umschlag und Kontraststreifen h\u00e4lt Dich garantiert warm.\" \/>\n<meta property=\"og:url\" content=\"https:\/\/anotherbrand.de\/product\/kaschmir-rib-muetze-bordeaux\/\" \/>\n<meta property=\"og:site_name\" content=\"Another Brand\" \/>\n<meta property=\"article:publisher\" content=\"https:\/\/www.facebook.com\/anotherbrand.de\/\" \/>\n<meta property=\"article:modified_time\" content=\"2026-03-06T15:03:29+00:00\" \/>\n<meta property=\"og:image\" content=\"https:\/\/anotherbrand.de\/wp-content\/uploads\/2025\/12\/Rib-hat-bordeaux-a.jpg\" \/>\n\t<meta property=\"og:image:width\" content=\"900\" \/>\n\t<meta property=\"og:image:height\" content=\"1200\" \/>\n\t<meta property=\"og:image:type\" content=\"image\/jpeg\" \/>\n<meta name=\"twitter:card\" content=\"summary_large_image\" \/>\n<meta name=\"twitter:label1\" content=\"Est. reading time\" \/>\n\t<meta name=\"twitter:data1\" content=\"1 minute\" \/>\n<script type=\"application\/ld+json\" class=\"yoast-schema-graph\">{\"@context\":\"https:\\\/\\\/schema.org\",\"@graph\":[{\"@type\":\"WebPage\",\"@id\":\"https:\\\/\\\/anotherbrand.de\\\/product\\\/kaschmir-rib-muetze-bordeaux\\\/\",\"url\":\"https:\\\/\\\/anotherbrand.de\\\/product\\\/kaschmir-rib-muetze-bordeaux\\\/\",\"name\":\"Kaschmir Rib M\u00fctze bordeaux - Another Brand\",\"isPartOf\":{\"@id\":\"https:\\\/\\\/anotherbrand.de\\\/#website\"},\"primaryImageOfPage\":{\"@id\":\"https:\\\/\\\/anotherbrand.de\\\/product\\\/kaschmir-rib-muetze-bordeaux\\\/#primaryimage\"},\"image\":{\"@id\":\"https:\\\/\\\/anotherbrand.de\\\/product\\\/kaschmir-rib-muetze-bordeaux\\\/#primaryimage\"},\"thumbnailUrl\":\"https:\\\/\\\/anotherbrand.de\\\/wp-content\\\/uploads\\\/2025\\\/12\\\/Rib-hat-bordeaux-a.jpg\",\"datePublished\":\"2025-12-17T20:11:35+00:00\",\"dateModified\":\"2026-03-06T15:03:29+00:00\",\"description\":\"Modische Winterm\u00fctze aus feinstem Kaschmir in Rippenoptik in bordeaux. Die softe M\u00fctze mit Umschlag und Kontraststreifen h\u00e4lt Dich garantiert warm.\",\"breadcrumb\":{\"@id\":\"https:\\\/\\\/anotherbrand.de\\\/product\\\/kaschmir-rib-muetze-bordeaux\\\/#breadcrumb\"},\"inLanguage\":\"en-US\",\"potentialAction\":[{\"@type\":\"ReadAction\",\"target\":[\"https:\\\/\\\/anotherbrand.de\\\/product\\\/kaschmir-rib-muetze-bordeaux\\\/\"]}]},{\"@type\":\"ImageObject\",\"inLanguage\":\"en-US\",\"@id\":\"https:\\\/\\\/anotherbrand.de\\\/product\\\/kaschmir-rib-muetze-bordeaux\\\/#primaryimage\",\"url\":\"https:\\\/\\\/anotherbrand.de\\\/wp-content\\\/uploads\\\/2025\\\/12\\\/Rib-hat-bordeaux-a.jpg\",\"contentUrl\":\"https:\\\/\\\/anotherbrand.de\\\/wp-content\\\/uploads\\\/2025\\\/12\\\/Rib-hat-bordeaux-a.jpg\",\"width\":900,\"height\":1200,\"caption\":\"Kaschmir M\u00fctze mit Rippstruktur in bordeaux\"},{\"@type\":\"BreadcrumbList\",\"@id\":\"https:\\\/\\\/anotherbrand.de\\\/product\\\/kaschmir-rib-muetze-bordeaux\\\/#breadcrumb\",\"itemListElement\":[{\"@type\":\"ListItem\",\"position\":1,\"name\":\"Startseite\",\"item\":\"https:\\\/\\\/anotherbrand.de\\\/\"},{\"@type\":\"ListItem\",\"position\":2,\"name\":\"Shop\",\"item\":\"https:\\\/\\\/anotherbrand.de\\\/en\\\/shop\\\/\"},{\"@type\":\"ListItem\",\"position\":3,\"name\":\"Kaschmir Rib M\u00fctze bordeaux\"}]},{\"@type\":\"WebSite\",\"@id\":\"https:\\\/\\\/anotherbrand.de\\\/#website\",\"url\":\"https:\\\/\\\/anotherbrand.de\\\/\",\"name\":\"Another Brand\",\"description\":\"Clothes - Fair Fashion - Kashmir\",\"publisher\":{\"@id\":\"https:\\\/\\\/anotherbrand.de\\\/#organization\"},\"alternateName\":\"Inspiring Designs. Naturally sustainable.\",\"potentialAction\":[{\"@type\":\"SearchAction\",\"target\":{\"@type\":\"EntryPoint\",\"urlTemplate\":\"https:\\\/\\\/anotherbrand.de\\\/?s={search_term_string}\"},\"query-input\":{\"@type\":\"PropertyValueSpecification\",\"valueRequired\":true,\"valueName\":\"search_term_string\"}}],\"inLanguage\":\"en-US\"},{\"@type\":\"Organization\",\"@id\":\"https:\\\/\\\/anotherbrand.de\\\/#organization\",\"name\":\"another brand\",\"alternateName\":\"another brand - fair fashion Munich\",\"url\":\"https:\\\/\\\/anotherbrand.de\\\/\",\"logo\":{\"@type\":\"ImageObject\",\"inLanguage\":\"en-US\",\"@id\":\"https:\\\/\\\/anotherbrand.de\\\/#\\\/schema\\\/logo\\\/image\\\/\",\"url\":\"https:\\\/\\\/anotherbrand.de\\\/wp-content\\\/uploads\\\/2020\\\/08\\\/cropped-ab_logo_site-icon.jpg\",\"contentUrl\":\"https:\\\/\\\/anotherbrand.de\\\/wp-content\\\/uploads\\\/2020\\\/08\\\/cropped-ab_logo_site-icon.jpg\",\"width\":512,\"height\":512,\"caption\":\"another brand\"},\"image\":{\"@id\":\"https:\\\/\\\/anotherbrand.de\\\/#\\\/schema\\\/logo\\\/image\\\/\"},\"sameAs\":[\"https:\\\/\\\/www.facebook.com\\\/anotherbrand.de\\\/\"]}]}<\/script>\n<!-- \/ Yoast SEO plugin. -->","yoast_head_json":{"title":"Kaschmir Rib M\u00fctze bordeaux - Another Brand","description":"Modische Winterm\u00fctze aus feinstem Kaschmir in Rippenoptik in bordeaux. Die softe M\u00fctze mit Umschlag und Kontraststreifen h\u00e4lt Dich garantiert warm.","robots":{"index":"index","follow":"follow","max-snippet":"max-snippet:-1","max-image-preview":"max-image-preview:large","max-video-preview":"max-video-preview:-1"},"canonical":"https:\/\/anotherbrand.de\/product\/kaschmir-rib-muetze-bordeaux\/","og_locale":"en_US","og_type":"article","og_title":"Kaschmir Rib M\u00fctze bordeaux - Another Brand","og_description":"Modische Winterm\u00fctze aus feinstem Kaschmir in Rippenoptik in bordeaux. Die softe M\u00fctze mit Umschlag und Kontraststreifen h\u00e4lt Dich garantiert warm.","og_url":"https:\/\/anotherbrand.de\/product\/kaschmir-rib-muetze-bordeaux\/","og_site_name":"Another Brand","article_publisher":"https:\/\/www.facebook.com\/anotherbrand.de\/","article_modified_time":"2026-03-06T15:03:29+00:00","og_image":[{"width":900,"height":1200,"url":"https:\/\/anotherbrand.de\/wp-content\/uploads\/2025\/12\/Rib-hat-bordeaux-a.jpg","type":"image\/jpeg"}],"twitter_card":"summary_large_image","twitter_misc":{"Est. reading time":"1 minute"},"schema":{"@context":"https:\/\/schema.org","@graph":[{"@type":"WebPage","@id":"https:\/\/anotherbrand.de\/product\/kaschmir-rib-muetze-bordeaux\/","url":"https:\/\/anotherbrand.de\/product\/kaschmir-rib-muetze-bordeaux\/","name":"Kaschmir Rib M\u00fctze bordeaux - Another Brand","isPartOf":{"@id":"https:\/\/anotherbrand.de\/#website"},"primaryImageOfPage":{"@id":"https:\/\/anotherbrand.de\/product\/kaschmir-rib-muetze-bordeaux\/#primaryimage"},"image":{"@id":"https:\/\/anotherbrand.de\/product\/kaschmir-rib-muetze-bordeaux\/#primaryimage"},"thumbnailUrl":"https:\/\/anotherbrand.de\/wp-content\/uploads\/2025\/12\/Rib-hat-bordeaux-a.jpg","datePublished":"2025-12-17T20:11:35+00:00","dateModified":"2026-03-06T15:03:29+00:00","description":"Modische Winterm\u00fctze aus feinstem Kaschmir in Rippenoptik in bordeaux. Die softe M\u00fctze mit Umschlag und Kontraststreifen h\u00e4lt Dich garantiert warm.","breadcrumb":{"@id":"https:\/\/anotherbrand.de\/product\/kaschmir-rib-muetze-bordeaux\/#breadcrumb"},"inLanguage":"en-US","potentialAction":[{"@type":"ReadAction","target":["https:\/\/anotherbrand.de\/product\/kaschmir-rib-muetze-bordeaux\/"]}]},{"@type":"ImageObject","inLanguage":"en-US","@id":"https:\/\/anotherbrand.de\/product\/kaschmir-rib-muetze-bordeaux\/#primaryimage","url":"https:\/\/anotherbrand.de\/wp-content\/uploads\/2025\/12\/Rib-hat-bordeaux-a.jpg","contentUrl":"https:\/\/anotherbrand.de\/wp-content\/uploads\/2025\/12\/Rib-hat-bordeaux-a.jpg","width":900,"height":1200,"caption":"Kaschmir M\u00fctze mit Rippstruktur in bordeaux"},{"@type":"BreadcrumbList","@id":"https:\/\/anotherbrand.de\/product\/kaschmir-rib-muetze-bordeaux\/#breadcrumb","itemListElement":[{"@type":"ListItem","position":1,"name":"Startseite","item":"https:\/\/anotherbrand.de\/"},{"@type":"ListItem","position":2,"name":"Shop","item":"https:\/\/anotherbrand.de\/en\/shop\/"},{"@type":"ListItem","position":3,"name":"Kaschmir Rib M\u00fctze bordeaux"}]},{"@type":"WebSite","@id":"https:\/\/anotherbrand.de\/#website","url":"https:\/\/anotherbrand.de\/","name":"Another Brand","description":"Clothes - Fair Fashion - Kashmir","publisher":{"@id":"https:\/\/anotherbrand.de\/#organization"},"alternateName":"Inspiring Designs. Naturally sustainable.","potentialAction":[{"@type":"SearchAction","target":{"@type":"EntryPoint","urlTemplate":"https:\/\/anotherbrand.de\/?s={search_term_string}"},"query-input":{"@type":"PropertyValueSpecification","valueRequired":true,"valueName":"search_term_string"}}],"inLanguage":"en-US"},{"@type":"Organization","@id":"https:\/\/anotherbrand.de\/#organization","name":"another brand","alternateName":"another brand - fair fashion Munich","url":"https:\/\/anotherbrand.de\/","logo":{"@type":"ImageObject","inLanguage":"en-US","@id":"https:\/\/anotherbrand.de\/#\/schema\/logo\/image\/","url":"https:\/\/anotherbrand.de\/wp-content\/uploads\/2020\/08\/cropped-ab_logo_site-icon.jpg","contentUrl":"https:\/\/anotherbrand.de\/wp-content\/uploads\/2020\/08\/cropped-ab_logo_site-icon.jpg","width":512,"height":512,"caption":"another brand"},"image":{"@id":"https:\/\/anotherbrand.de\/#\/schema\/logo\/image\/"},"sameAs":["https:\/\/www.facebook.com\/anotherbrand.de\/"]}]}},"df_price":59,"df_sale_price":"","df_regular_price":59,"df_image_link":"https:\/\/anotherbrand.de\/wp-content\/uploads\/2025\/12\/Rib-hat-bordeaux-a-300x400.jpg","_links":{"self":[{"href":"https:\/\/anotherbrand.de\/en\/wp-json\/wp\/v2\/product\/26194","targetHints":{"allow":["GET"]}}],"collection":[{"href":"https:\/\/anotherbrand.de\/en\/wp-json\/wp\/v2\/product"}],"about":[{"href":"https:\/\/anotherbrand.de\/en\/wp-json\/wp\/v2\/types\/product"}],"wp:featuredmedia":[{"embeddable":true,"href":"https:\/\/anotherbrand.de\/en\/wp-json\/wp\/v2\/media\/26192"}],"wp:attachment":[{"href":"https:\/\/anotherbrand.de\/en\/wp-json\/wp\/v2\/media?parent=26194"}],"wp:term":[{"taxonomy":"product_brand","embeddable":true,"href":"https:\/\/anotherbrand.de\/en\/wp-json\/wp\/v2\/product_brand?post=26194"},{"taxonomy":"product_cat","embeddable":true,"href":"https:\/\/anotherbrand.de\/en\/wp-json\/wp\/v2\/product_cat?post=26194"},{"taxonomy":"product_tag","embeddable":true,"href":"https:\/\/anotherbrand.de\/en\/wp-json\/wp\/v2\/product_tag?post=26194"}],"curies":[{"name":"wp","href":"https:\/\/api.w.org\/{rel}","templated":true}]}}