{"id":26160,"date":"2025-12-10T11:41:24","date_gmt":"2025-12-10T10:41:24","guid":{"rendered":"https:\/\/anotherbrand.de\/?post_type=product&#038;p=26160"},"modified":"2026-03-06T16:03:33","modified_gmt":"2026-03-06T15:03:33","slug":"kaschmir-rib-muetze-flieder","status":"publish","type":"product","link":"https:\/\/anotherbrand.de\/en\/product\/kaschmir-rib-muetze-flieder\/","title":{"rendered":"Kaschmir Rib M\u00fctze flieder"},"content":{"rendered":"<p>Diese superweiche M\u00fctze in flieder mit Umschlag z\u00e4hlt zu den absoluten Lieblings-Accessoires der kalten Jahreszeit. Sie ist aus feinstem Kaschmir in markanter Rippenoptik gestrickt und begeistert mit dezentem ros\u00e9farbenem Kontraststreifen, der ihr einen modischen Akzent verleiht. Kaschmir verf\u00fcgt \u00fcber das h\u00f6chste W\u00e4rmer\u00fcckhalteverm\u00f6gen aller Natur-Edelfasern und ist damit unschlagbar, wenn es darum geht, Dich zuverl\u00e4ssig warmzuhalten. Setze ein stilvolles Statement und genie\u00dfe luxuri\u00f6sen Tragekomfort mit dieser besonderen Winterm\u00fctze.<\/p>\n<ul>\n<li>Einheitsgr\u00f6\u00dfe, 48cm Kopfumfang<\/li>\n<li>mit Kontrastsreifen<\/li>\n<\/ul>\n","protected":false},"excerpt":{"rendered":"<p>Fliederfarbene Kaschmir M\u00fctze mit Kontraststreifen in rosa<\/p>\n","protected":false},"featured_media":26150,"template":"","meta":[],"product_brand":[],"product_cat":[177,28,83,66],"product_tag":[],"class_list":{"0":"post-26160","1":"product","2":"type-product","3":"status-publish","4":"has-post-thumbnail","6":"product_cat-accessoires","7":"product_cat-alle-produkte","8":"product_cat-cashmere","9":"product_cat-sale","10":"pa_colour-lila","11":"pa_size-one-size","13":"first","14":"instock","15":"sale","16":"taxable","17":"shipping-taxable","18":"purchasable","19":"product-type-variable","20":"has-default-attributes"},"yoast_head":"<!-- This site is optimized with the Yoast SEO plugin v27.3 - https:\/\/yoast.com\/product\/yoast-seo-wordpress\/ -->\n<title>Kaschmir Rib M\u00fctze flieder - Another Brand<\/title>\n<meta name=\"description\" content=\"Modische Winterm\u00fctze aus feinstem Kaschmir in Rippenoptik. Diese weiche M\u00fctze in flieder mit Umschlag und Kontraststreifen h\u00e4lt Dich garantiert warm.\" \/>\n<meta name=\"robots\" content=\"index, follow, max-snippet:-1, max-image-preview:large, max-video-preview:-1\" \/>\n<link rel=\"canonical\" href=\"https:\/\/anotherbrand.de\/product\/kaschmir-rib-muetze-flieder\/\" \/>\n<meta property=\"og:locale\" content=\"en_US\" \/>\n<meta property=\"og:type\" content=\"article\" \/>\n<meta property=\"og:title\" content=\"Kaschmir Rib M\u00fctze flieder - Another Brand\" \/>\n<meta property=\"og:description\" content=\"Modische Winterm\u00fctze aus feinstem Kaschmir in Rippenoptik. Diese weiche M\u00fctze in flieder mit Umschlag und Kontraststreifen h\u00e4lt Dich garantiert warm.\" \/>\n<meta property=\"og:url\" content=\"https:\/\/anotherbrand.de\/product\/kaschmir-rib-muetze-flieder\/\" \/>\n<meta property=\"og:site_name\" content=\"Another Brand\" \/>\n<meta property=\"article:publisher\" content=\"https:\/\/www.facebook.com\/anotherbrand.de\/\" \/>\n<meta property=\"article:modified_time\" content=\"2026-03-06T15:03:33+00:00\" \/>\n<meta property=\"og:image\" content=\"https:\/\/anotherbrand.de\/wp-content\/uploads\/2025\/12\/Rib-hat-lila-a.jpg\" \/>\n\t<meta property=\"og:image:width\" content=\"900\" \/>\n\t<meta property=\"og:image:height\" content=\"1200\" \/>\n\t<meta property=\"og:image:type\" content=\"image\/jpeg\" \/>\n<meta name=\"twitter:card\" content=\"summary_large_image\" \/>\n<meta name=\"twitter:label1\" content=\"Est. reading time\" \/>\n\t<meta name=\"twitter:data1\" content=\"1 minute\" \/>\n<script type=\"application\/ld+json\" class=\"yoast-schema-graph\">{\"@context\":\"https:\\\/\\\/schema.org\",\"@graph\":[{\"@type\":\"WebPage\",\"@id\":\"https:\\\/\\\/anotherbrand.de\\\/product\\\/kaschmir-rib-muetze-flieder\\\/\",\"url\":\"https:\\\/\\\/anotherbrand.de\\\/product\\\/kaschmir-rib-muetze-flieder\\\/\",\"name\":\"Kaschmir Rib M\u00fctze flieder - Another Brand\",\"isPartOf\":{\"@id\":\"https:\\\/\\\/anotherbrand.de\\\/#website\"},\"primaryImageOfPage\":{\"@id\":\"https:\\\/\\\/anotherbrand.de\\\/product\\\/kaschmir-rib-muetze-flieder\\\/#primaryimage\"},\"image\":{\"@id\":\"https:\\\/\\\/anotherbrand.de\\\/product\\\/kaschmir-rib-muetze-flieder\\\/#primaryimage\"},\"thumbnailUrl\":\"https:\\\/\\\/anotherbrand.de\\\/wp-content\\\/uploads\\\/2025\\\/12\\\/Rib-hat-lila-a.jpg\",\"datePublished\":\"2025-12-10T10:41:24+00:00\",\"dateModified\":\"2026-03-06T15:03:33+00:00\",\"description\":\"Modische Winterm\u00fctze aus feinstem Kaschmir in Rippenoptik. Diese weiche M\u00fctze in flieder mit Umschlag und Kontraststreifen h\u00e4lt Dich garantiert warm.\",\"breadcrumb\":{\"@id\":\"https:\\\/\\\/anotherbrand.de\\\/product\\\/kaschmir-rib-muetze-flieder\\\/#breadcrumb\"},\"inLanguage\":\"en-US\",\"potentialAction\":[{\"@type\":\"ReadAction\",\"target\":[\"https:\\\/\\\/anotherbrand.de\\\/product\\\/kaschmir-rib-muetze-flieder\\\/\"]}]},{\"@type\":\"ImageObject\",\"inLanguage\":\"en-US\",\"@id\":\"https:\\\/\\\/anotherbrand.de\\\/product\\\/kaschmir-rib-muetze-flieder\\\/#primaryimage\",\"url\":\"https:\\\/\\\/anotherbrand.de\\\/wp-content\\\/uploads\\\/2025\\\/12\\\/Rib-hat-lila-a.jpg\",\"contentUrl\":\"https:\\\/\\\/anotherbrand.de\\\/wp-content\\\/uploads\\\/2025\\\/12\\\/Rib-hat-lila-a.jpg\",\"width\":900,\"height\":1200,\"caption\":\"Kaschmir M\u00fctze mit Rippstruktur in flieder mit rosa Kontraststreifen\"},{\"@type\":\"BreadcrumbList\",\"@id\":\"https:\\\/\\\/anotherbrand.de\\\/product\\\/kaschmir-rib-muetze-flieder\\\/#breadcrumb\",\"itemListElement\":[{\"@type\":\"ListItem\",\"position\":1,\"name\":\"Startseite\",\"item\":\"https:\\\/\\\/anotherbrand.de\\\/\"},{\"@type\":\"ListItem\",\"position\":2,\"name\":\"Shop\",\"item\":\"https:\\\/\\\/anotherbrand.de\\\/en\\\/shop\\\/\"},{\"@type\":\"ListItem\",\"position\":3,\"name\":\"Kaschmir Rib M\u00fctze flieder\"}]},{\"@type\":\"WebSite\",\"@id\":\"https:\\\/\\\/anotherbrand.de\\\/#website\",\"url\":\"https:\\\/\\\/anotherbrand.de\\\/\",\"name\":\"Another Brand\",\"description\":\"Clothes - Fair Fashion - Kashmir\",\"publisher\":{\"@id\":\"https:\\\/\\\/anotherbrand.de\\\/#organization\"},\"alternateName\":\"Inspiring Designs. Naturally sustainable.\",\"potentialAction\":[{\"@type\":\"SearchAction\",\"target\":{\"@type\":\"EntryPoint\",\"urlTemplate\":\"https:\\\/\\\/anotherbrand.de\\\/?s={search_term_string}\"},\"query-input\":{\"@type\":\"PropertyValueSpecification\",\"valueRequired\":true,\"valueName\":\"search_term_string\"}}],\"inLanguage\":\"en-US\"},{\"@type\":\"Organization\",\"@id\":\"https:\\\/\\\/anotherbrand.de\\\/#organization\",\"name\":\"another brand\",\"alternateName\":\"another brand - fair fashion Munich\",\"url\":\"https:\\\/\\\/anotherbrand.de\\\/\",\"logo\":{\"@type\":\"ImageObject\",\"inLanguage\":\"en-US\",\"@id\":\"https:\\\/\\\/anotherbrand.de\\\/#\\\/schema\\\/logo\\\/image\\\/\",\"url\":\"https:\\\/\\\/anotherbrand.de\\\/wp-content\\\/uploads\\\/2020\\\/08\\\/cropped-ab_logo_site-icon.jpg\",\"contentUrl\":\"https:\\\/\\\/anotherbrand.de\\\/wp-content\\\/uploads\\\/2020\\\/08\\\/cropped-ab_logo_site-icon.jpg\",\"width\":512,\"height\":512,\"caption\":\"another brand\"},\"image\":{\"@id\":\"https:\\\/\\\/anotherbrand.de\\\/#\\\/schema\\\/logo\\\/image\\\/\"},\"sameAs\":[\"https:\\\/\\\/www.facebook.com\\\/anotherbrand.de\\\/\"]}]}<\/script>\n<!-- \/ Yoast SEO plugin. -->","yoast_head_json":{"title":"Kaschmir Rib M\u00fctze flieder - Another Brand","description":"Modische Winterm\u00fctze aus feinstem Kaschmir in Rippenoptik. Diese weiche M\u00fctze in flieder mit Umschlag und Kontraststreifen h\u00e4lt Dich garantiert warm.","robots":{"index":"index","follow":"follow","max-snippet":"max-snippet:-1","max-image-preview":"max-image-preview:large","max-video-preview":"max-video-preview:-1"},"canonical":"https:\/\/anotherbrand.de\/product\/kaschmir-rib-muetze-flieder\/","og_locale":"en_US","og_type":"article","og_title":"Kaschmir Rib M\u00fctze flieder - Another Brand","og_description":"Modische Winterm\u00fctze aus feinstem Kaschmir in Rippenoptik. Diese weiche M\u00fctze in flieder mit Umschlag und Kontraststreifen h\u00e4lt Dich garantiert warm.","og_url":"https:\/\/anotherbrand.de\/product\/kaschmir-rib-muetze-flieder\/","og_site_name":"Another Brand","article_publisher":"https:\/\/www.facebook.com\/anotherbrand.de\/","article_modified_time":"2026-03-06T15:03:33+00:00","og_image":[{"width":900,"height":1200,"url":"https:\/\/anotherbrand.de\/wp-content\/uploads\/2025\/12\/Rib-hat-lila-a.jpg","type":"image\/jpeg"}],"twitter_card":"summary_large_image","twitter_misc":{"Est. reading time":"1 minute"},"schema":{"@context":"https:\/\/schema.org","@graph":[{"@type":"WebPage","@id":"https:\/\/anotherbrand.de\/product\/kaschmir-rib-muetze-flieder\/","url":"https:\/\/anotherbrand.de\/product\/kaschmir-rib-muetze-flieder\/","name":"Kaschmir Rib M\u00fctze flieder - Another Brand","isPartOf":{"@id":"https:\/\/anotherbrand.de\/#website"},"primaryImageOfPage":{"@id":"https:\/\/anotherbrand.de\/product\/kaschmir-rib-muetze-flieder\/#primaryimage"},"image":{"@id":"https:\/\/anotherbrand.de\/product\/kaschmir-rib-muetze-flieder\/#primaryimage"},"thumbnailUrl":"https:\/\/anotherbrand.de\/wp-content\/uploads\/2025\/12\/Rib-hat-lila-a.jpg","datePublished":"2025-12-10T10:41:24+00:00","dateModified":"2026-03-06T15:03:33+00:00","description":"Modische Winterm\u00fctze aus feinstem Kaschmir in Rippenoptik. Diese weiche M\u00fctze in flieder mit Umschlag und Kontraststreifen h\u00e4lt Dich garantiert warm.","breadcrumb":{"@id":"https:\/\/anotherbrand.de\/product\/kaschmir-rib-muetze-flieder\/#breadcrumb"},"inLanguage":"en-US","potentialAction":[{"@type":"ReadAction","target":["https:\/\/anotherbrand.de\/product\/kaschmir-rib-muetze-flieder\/"]}]},{"@type":"ImageObject","inLanguage":"en-US","@id":"https:\/\/anotherbrand.de\/product\/kaschmir-rib-muetze-flieder\/#primaryimage","url":"https:\/\/anotherbrand.de\/wp-content\/uploads\/2025\/12\/Rib-hat-lila-a.jpg","contentUrl":"https:\/\/anotherbrand.de\/wp-content\/uploads\/2025\/12\/Rib-hat-lila-a.jpg","width":900,"height":1200,"caption":"Kaschmir M\u00fctze mit Rippstruktur in flieder mit rosa Kontraststreifen"},{"@type":"BreadcrumbList","@id":"https:\/\/anotherbrand.de\/product\/kaschmir-rib-muetze-flieder\/#breadcrumb","itemListElement":[{"@type":"ListItem","position":1,"name":"Startseite","item":"https:\/\/anotherbrand.de\/"},{"@type":"ListItem","position":2,"name":"Shop","item":"https:\/\/anotherbrand.de\/en\/shop\/"},{"@type":"ListItem","position":3,"name":"Kaschmir Rib M\u00fctze flieder"}]},{"@type":"WebSite","@id":"https:\/\/anotherbrand.de\/#website","url":"https:\/\/anotherbrand.de\/","name":"Another Brand","description":"Clothes - Fair Fashion - Kashmir","publisher":{"@id":"https:\/\/anotherbrand.de\/#organization"},"alternateName":"Inspiring Designs. Naturally sustainable.","potentialAction":[{"@type":"SearchAction","target":{"@type":"EntryPoint","urlTemplate":"https:\/\/anotherbrand.de\/?s={search_term_string}"},"query-input":{"@type":"PropertyValueSpecification","valueRequired":true,"valueName":"search_term_string"}}],"inLanguage":"en-US"},{"@type":"Organization","@id":"https:\/\/anotherbrand.de\/#organization","name":"another brand","alternateName":"another brand - fair fashion Munich","url":"https:\/\/anotherbrand.de\/","logo":{"@type":"ImageObject","inLanguage":"en-US","@id":"https:\/\/anotherbrand.de\/#\/schema\/logo\/image\/","url":"https:\/\/anotherbrand.de\/wp-content\/uploads\/2020\/08\/cropped-ab_logo_site-icon.jpg","contentUrl":"https:\/\/anotherbrand.de\/wp-content\/uploads\/2020\/08\/cropped-ab_logo_site-icon.jpg","width":512,"height":512,"caption":"another brand"},"image":{"@id":"https:\/\/anotherbrand.de\/#\/schema\/logo\/image\/"},"sameAs":["https:\/\/www.facebook.com\/anotherbrand.de\/"]}]}},"df_price":59,"df_sale_price":"","df_regular_price":59,"df_image_link":"https:\/\/anotherbrand.de\/wp-content\/uploads\/2025\/12\/Rib-hat-lila-a-300x400.jpg","_links":{"self":[{"href":"https:\/\/anotherbrand.de\/en\/wp-json\/wp\/v2\/product\/26160","targetHints":{"allow":["GET"]}}],"collection":[{"href":"https:\/\/anotherbrand.de\/en\/wp-json\/wp\/v2\/product"}],"about":[{"href":"https:\/\/anotherbrand.de\/en\/wp-json\/wp\/v2\/types\/product"}],"wp:featuredmedia":[{"embeddable":true,"href":"https:\/\/anotherbrand.de\/en\/wp-json\/wp\/v2\/media\/26150"}],"wp:attachment":[{"href":"https:\/\/anotherbrand.de\/en\/wp-json\/wp\/v2\/media?parent=26160"}],"wp:term":[{"taxonomy":"product_brand","embeddable":true,"href":"https:\/\/anotherbrand.de\/en\/wp-json\/wp\/v2\/product_brand?post=26160"},{"taxonomy":"product_cat","embeddable":true,"href":"https:\/\/anotherbrand.de\/en\/wp-json\/wp\/v2\/product_cat?post=26160"},{"taxonomy":"product_tag","embeddable":true,"href":"https:\/\/anotherbrand.de\/en\/wp-json\/wp\/v2\/product_tag?post=26160"}],"curies":[{"name":"wp","href":"https:\/\/api.w.org\/{rel}","templated":true}]}}