{"id":11459,"date":"2021-08-17T17:03:19","date_gmt":"2021-08-17T15:03:19","guid":{"rendered":"https:\/\/anotherbrand.de\/product\/gutschein-50\/"},"modified":"2025-02-07T10:31:48","modified_gmt":"2025-02-07T09:31:48","slug":"gutschein-50","status":"publish","type":"product","link":"https:\/\/anotherbrand.de\/en\/product\/gutschein-50\/","title":{"rendered":"Gutschein 50"},"content":{"rendered":"<p>M\u00f6chtest Du einer lieben Person eine Freude machen?<br \/>\nMit dem digitalen Geschenkgutschein von another brand im Wert von <strong>50 Euro<\/strong> liegst Du immer richtig.<\/p>\n<p>Versand:<\/p>\n<p class=\"shop-copytext\"><strong>Wir senden Deinen digitalen Geschenkgutschein direkt nach dem Kauf an Deine E-Mail-Adresse oder an die Person, die den Gutschein erhalten soll.\u00a0<\/strong> Du kannst den pdf Gutschein anschlie\u00dfend ausdrucken und pers\u00f6nlich \u00fcberreichen oder die E-Mail ganz einfach an die Person weiterleiten, die Du beschenken m\u00f6chtest. Der Gutschein ist 5 Jahre g\u00fcltig.<br \/>\nBitte beachte, dass wir <strong>keinen<\/strong> physischen Gutschein verschicken.<\/p>\n","protected":false},"excerpt":{"rendered":"<p>M\u00f6chtest Du einer lieben Person eine Freude machen? Mit dem digitalen Geschenkgutschein von another brand im Wert von 50 Euro liegst Du immer richtig. Versand: Wir senden Deinen digitalen Geschenkgutschein direkt nach dem Kauf an Deine E-Mail-Adresse oder an die Person, die den Gutschein erhalten soll.\u00a0 Du kannst den pdf Gutschein anschlie\u00dfend ausdrucken und pers\u00f6nlich [&#8230;]\n","protected":false},"featured_media":10068,"template":"","meta":[],"product_brand":[],"product_cat":[248],"product_tag":[],"class_list":{"0":"post-11459","1":"product","2":"type-product","3":"status-publish","4":"has-post-thumbnail","6":"product_cat-vouchers","8":"first","9":"instock","10":"purchasable","11":"product-type-pw-gift-card","12":"has-default-attributes"},"yoast_head":"<!-- This site is optimized with the Yoast SEO plugin v27.3 - https:\/\/yoast.com\/product\/yoast-seo-wordpress\/ -->\n<title>Gutschein 50 - Another Brand<\/title>\n<meta name=\"description\" content=\"Gutschein f\u00fcr Fair Fashion aus M\u00fcnchen - beschenke deine Liebsten mit einem Einkaufsgutschein f\u00fcr unsere neuesten Designs.\" \/>\n<meta name=\"robots\" content=\"index, follow, max-snippet:-1, max-image-preview:large, max-video-preview:-1\" \/>\n<link rel=\"canonical\" href=\"https:\/\/anotherbrand.de\/en\/product\/gutschein-50\/\" \/>\n<meta property=\"og:locale\" content=\"en_US\" \/>\n<meta property=\"og:type\" content=\"article\" \/>\n<meta property=\"og:title\" content=\"Gutschein 50 - Another Brand\" \/>\n<meta property=\"og:description\" content=\"Gutschein f\u00fcr Fair Fashion aus M\u00fcnchen - beschenke deine Liebsten mit einem Einkaufsgutschein f\u00fcr unsere neuesten Designs.\" \/>\n<meta property=\"og:url\" content=\"https:\/\/anotherbrand.de\/en\/product\/gutschein-50\/\" \/>\n<meta property=\"og:site_name\" content=\"Another Brand\" \/>\n<meta property=\"article:publisher\" content=\"https:\/\/www.facebook.com\/anotherbrand.de\/\" \/>\n<meta property=\"article:modified_time\" content=\"2025-02-07T09:31:48+00:00\" \/>\n<meta property=\"og:image\" content=\"https:\/\/anotherbrand.de\/wp-content\/uploads\/2021\/10\/gutschein-50euro.jpg\" \/>\n\t<meta property=\"og:image:width\" content=\"900\" \/>\n\t<meta property=\"og:image:height\" content=\"1200\" \/>\n\t<meta property=\"og:image:type\" content=\"image\/jpeg\" \/>\n<meta name=\"twitter:card\" content=\"summary_large_image\" \/>\n<meta name=\"twitter:label1\" content=\"Est. reading time\" \/>\n\t<meta name=\"twitter:data1\" content=\"1 minute\" \/>\n<script type=\"application\/ld+json\" class=\"yoast-schema-graph\">{\"@context\":\"https:\\\/\\\/schema.org\",\"@graph\":[{\"@type\":\"WebPage\",\"@id\":\"https:\\\/\\\/anotherbrand.de\\\/en\\\/product\\\/gutschein-50\\\/\",\"url\":\"https:\\\/\\\/anotherbrand.de\\\/en\\\/product\\\/gutschein-50\\\/\",\"name\":\"Gutschein 50 - Another Brand\",\"isPartOf\":{\"@id\":\"https:\\\/\\\/anotherbrand.de\\\/#website\"},\"primaryImageOfPage\":{\"@id\":\"https:\\\/\\\/anotherbrand.de\\\/en\\\/product\\\/gutschein-50\\\/#primaryimage\"},\"image\":{\"@id\":\"https:\\\/\\\/anotherbrand.de\\\/en\\\/product\\\/gutschein-50\\\/#primaryimage\"},\"thumbnailUrl\":\"https:\\\/\\\/anotherbrand.de\\\/wp-content\\\/uploads\\\/2021\\\/10\\\/gutschein-50euro.jpg\",\"datePublished\":\"2021-08-17T15:03:19+00:00\",\"dateModified\":\"2025-02-07T09:31:48+00:00\",\"description\":\"Gutschein f\u00fcr Fair Fashion aus M\u00fcnchen - beschenke deine Liebsten mit einem Einkaufsgutschein f\u00fcr unsere neuesten Designs.\",\"breadcrumb\":{\"@id\":\"https:\\\/\\\/anotherbrand.de\\\/en\\\/product\\\/gutschein-50\\\/#breadcrumb\"},\"inLanguage\":\"en-US\",\"potentialAction\":[{\"@type\":\"ReadAction\",\"target\":[\"https:\\\/\\\/anotherbrand.de\\\/en\\\/product\\\/gutschein-50\\\/\"]}]},{\"@type\":\"ImageObject\",\"inLanguage\":\"en-US\",\"@id\":\"https:\\\/\\\/anotherbrand.de\\\/en\\\/product\\\/gutschein-50\\\/#primaryimage\",\"url\":\"https:\\\/\\\/anotherbrand.de\\\/wp-content\\\/uploads\\\/2021\\\/10\\\/gutschein-50euro.jpg\",\"contentUrl\":\"https:\\\/\\\/anotherbrand.de\\\/wp-content\\\/uploads\\\/2021\\\/10\\\/gutschein-50euro.jpg\",\"width\":900,\"height\":1200,\"caption\":\"Gutschein 50 Euro\"},{\"@type\":\"BreadcrumbList\",\"@id\":\"https:\\\/\\\/anotherbrand.de\\\/en\\\/product\\\/gutschein-50\\\/#breadcrumb\",\"itemListElement\":[{\"@type\":\"ListItem\",\"position\":1,\"name\":\"Startseite\",\"item\":\"https:\\\/\\\/anotherbrand.de\\\/\"},{\"@type\":\"ListItem\",\"position\":2,\"name\":\"Shop\",\"item\":\"https:\\\/\\\/anotherbrand.de\\\/en\\\/shop\\\/\"},{\"@type\":\"ListItem\",\"position\":3,\"name\":\"Gutschein 50\"}]},{\"@type\":\"WebSite\",\"@id\":\"https:\\\/\\\/anotherbrand.de\\\/#website\",\"url\":\"https:\\\/\\\/anotherbrand.de\\\/\",\"name\":\"Another Brand\",\"description\":\"Clothes - Fair Fashion - Kashmir\",\"publisher\":{\"@id\":\"https:\\\/\\\/anotherbrand.de\\\/#organization\"},\"alternateName\":\"Inspiring Designs. Naturally sustainable.\",\"potentialAction\":[{\"@type\":\"SearchAction\",\"target\":{\"@type\":\"EntryPoint\",\"urlTemplate\":\"https:\\\/\\\/anotherbrand.de\\\/?s={search_term_string}\"},\"query-input\":{\"@type\":\"PropertyValueSpecification\",\"valueRequired\":true,\"valueName\":\"search_term_string\"}}],\"inLanguage\":\"en-US\"},{\"@type\":\"Organization\",\"@id\":\"https:\\\/\\\/anotherbrand.de\\\/#organization\",\"name\":\"another brand\",\"alternateName\":\"another brand - fair fashion Munich\",\"url\":\"https:\\\/\\\/anotherbrand.de\\\/\",\"logo\":{\"@type\":\"ImageObject\",\"inLanguage\":\"en-US\",\"@id\":\"https:\\\/\\\/anotherbrand.de\\\/#\\\/schema\\\/logo\\\/image\\\/\",\"url\":\"https:\\\/\\\/anotherbrand.de\\\/wp-content\\\/uploads\\\/2020\\\/08\\\/cropped-ab_logo_site-icon.jpg\",\"contentUrl\":\"https:\\\/\\\/anotherbrand.de\\\/wp-content\\\/uploads\\\/2020\\\/08\\\/cropped-ab_logo_site-icon.jpg\",\"width\":512,\"height\":512,\"caption\":\"another brand\"},\"image\":{\"@id\":\"https:\\\/\\\/anotherbrand.de\\\/#\\\/schema\\\/logo\\\/image\\\/\"},\"sameAs\":[\"https:\\\/\\\/www.facebook.com\\\/anotherbrand.de\\\/\"]}]}<\/script>\n<!-- \/ Yoast SEO plugin. -->","yoast_head_json":{"title":"Gutschein 50 - Another Brand","description":"Gutschein f\u00fcr Fair Fashion aus M\u00fcnchen - beschenke deine Liebsten mit einem Einkaufsgutschein f\u00fcr unsere neuesten Designs.","robots":{"index":"index","follow":"follow","max-snippet":"max-snippet:-1","max-image-preview":"max-image-preview:large","max-video-preview":"max-video-preview:-1"},"canonical":"https:\/\/anotherbrand.de\/en\/product\/gutschein-50\/","og_locale":"en_US","og_type":"article","og_title":"Gutschein 50 - Another Brand","og_description":"Gutschein f\u00fcr Fair Fashion aus M\u00fcnchen - beschenke deine Liebsten mit einem Einkaufsgutschein f\u00fcr unsere neuesten Designs.","og_url":"https:\/\/anotherbrand.de\/en\/product\/gutschein-50\/","og_site_name":"Another Brand","article_publisher":"https:\/\/www.facebook.com\/anotherbrand.de\/","article_modified_time":"2025-02-07T09:31:48+00:00","og_image":[{"width":900,"height":1200,"url":"https:\/\/anotherbrand.de\/wp-content\/uploads\/2021\/10\/gutschein-50euro.jpg","type":"image\/jpeg"}],"twitter_card":"summary_large_image","twitter_misc":{"Est. reading time":"1 minute"},"schema":{"@context":"https:\/\/schema.org","@graph":[{"@type":"WebPage","@id":"https:\/\/anotherbrand.de\/en\/product\/gutschein-50\/","url":"https:\/\/anotherbrand.de\/en\/product\/gutschein-50\/","name":"Gutschein 50 - Another Brand","isPartOf":{"@id":"https:\/\/anotherbrand.de\/#website"},"primaryImageOfPage":{"@id":"https:\/\/anotherbrand.de\/en\/product\/gutschein-50\/#primaryimage"},"image":{"@id":"https:\/\/anotherbrand.de\/en\/product\/gutschein-50\/#primaryimage"},"thumbnailUrl":"https:\/\/anotherbrand.de\/wp-content\/uploads\/2021\/10\/gutschein-50euro.jpg","datePublished":"2021-08-17T15:03:19+00:00","dateModified":"2025-02-07T09:31:48+00:00","description":"Gutschein f\u00fcr Fair Fashion aus M\u00fcnchen - beschenke deine Liebsten mit einem Einkaufsgutschein f\u00fcr unsere neuesten Designs.","breadcrumb":{"@id":"https:\/\/anotherbrand.de\/en\/product\/gutschein-50\/#breadcrumb"},"inLanguage":"en-US","potentialAction":[{"@type":"ReadAction","target":["https:\/\/anotherbrand.de\/en\/product\/gutschein-50\/"]}]},{"@type":"ImageObject","inLanguage":"en-US","@id":"https:\/\/anotherbrand.de\/en\/product\/gutschein-50\/#primaryimage","url":"https:\/\/anotherbrand.de\/wp-content\/uploads\/2021\/10\/gutschein-50euro.jpg","contentUrl":"https:\/\/anotherbrand.de\/wp-content\/uploads\/2021\/10\/gutschein-50euro.jpg","width":900,"height":1200,"caption":"Gutschein 50 Euro"},{"@type":"BreadcrumbList","@id":"https:\/\/anotherbrand.de\/en\/product\/gutschein-50\/#breadcrumb","itemListElement":[{"@type":"ListItem","position":1,"name":"Startseite","item":"https:\/\/anotherbrand.de\/"},{"@type":"ListItem","position":2,"name":"Shop","item":"https:\/\/anotherbrand.de\/en\/shop\/"},{"@type":"ListItem","position":3,"name":"Gutschein 50"}]},{"@type":"WebSite","@id":"https:\/\/anotherbrand.de\/#website","url":"https:\/\/anotherbrand.de\/","name":"Another Brand","description":"Clothes - Fair Fashion - Kashmir","publisher":{"@id":"https:\/\/anotherbrand.de\/#organization"},"alternateName":"Inspiring Designs. Naturally sustainable.","potentialAction":[{"@type":"SearchAction","target":{"@type":"EntryPoint","urlTemplate":"https:\/\/anotherbrand.de\/?s={search_term_string}"},"query-input":{"@type":"PropertyValueSpecification","valueRequired":true,"valueName":"search_term_string"}}],"inLanguage":"en-US"},{"@type":"Organization","@id":"https:\/\/anotherbrand.de\/#organization","name":"another brand","alternateName":"another brand - fair fashion Munich","url":"https:\/\/anotherbrand.de\/","logo":{"@type":"ImageObject","inLanguage":"en-US","@id":"https:\/\/anotherbrand.de\/#\/schema\/logo\/image\/","url":"https:\/\/anotherbrand.de\/wp-content\/uploads\/2020\/08\/cropped-ab_logo_site-icon.jpg","contentUrl":"https:\/\/anotherbrand.de\/wp-content\/uploads\/2020\/08\/cropped-ab_logo_site-icon.jpg","width":512,"height":512,"caption":"another brand"},"image":{"@id":"https:\/\/anotherbrand.de\/#\/schema\/logo\/image\/"},"sameAs":["https:\/\/www.facebook.com\/anotherbrand.de\/"]}]}},"df_price":50,"df_sale_price":"","df_regular_price":50,"df_image_link":"https:\/\/anotherbrand.de\/wp-content\/uploads\/2021\/10\/gutschein-50euro-300x400.jpg","_links":{"self":[{"href":"https:\/\/anotherbrand.de\/en\/wp-json\/wp\/v2\/product\/11459","targetHints":{"allow":["GET"]}}],"collection":[{"href":"https:\/\/anotherbrand.de\/en\/wp-json\/wp\/v2\/product"}],"about":[{"href":"https:\/\/anotherbrand.de\/en\/wp-json\/wp\/v2\/types\/product"}],"wp:featuredmedia":[{"embeddable":true,"href":"https:\/\/anotherbrand.de\/en\/wp-json\/wp\/v2\/media\/10068"}],"wp:attachment":[{"href":"https:\/\/anotherbrand.de\/en\/wp-json\/wp\/v2\/media?parent=11459"}],"wp:term":[{"taxonomy":"product_brand","embeddable":true,"href":"https:\/\/anotherbrand.de\/en\/wp-json\/wp\/v2\/product_brand?post=11459"},{"taxonomy":"product_cat","embeddable":true,"href":"https:\/\/anotherbrand.de\/en\/wp-json\/wp\/v2\/product_cat?post=11459"},{"taxonomy":"product_tag","embeddable":true,"href":"https:\/\/anotherbrand.de\/en\/wp-json\/wp\/v2\/product_tag?post=11459"}],"curies":[{"name":"wp","href":"https:\/\/api.w.org\/{rel}","templated":true}]}}