{"id":3131,"date":"2018-04-10T09:57:19","date_gmt":"2018-04-10T07:57:19","guid":{"rendered":"http:\/\/dev.anotherbrand.de\/news\/"},"modified":"2022-11-22T14:49:43","modified_gmt":"2022-11-22T13:49:43","slug":"news-inspiration","status":"publish","type":"page","link":"https:\/\/anotherbrand.de\/en\/news-inspiration\/","title":{"rendered":"news and inspiration"},"content":{"rendered":"[vc_row][vc_column width=&#8221;1\/12&#8243;][vc_empty_space][vc_column_text el_class=&#8221;breadcrumb&#8221;]<strong>news &amp; inspiration<\/strong>[\/vc_column_text][vc_empty_space][\/vc_column][vc_column width=&#8221;2\/12&#8243;][vc_single_image image=&#8221;3128&#8243; img_size=&#8221;full&#8221; alignment=&#8221;center&#8221;][\/vc_column][vc_column width=&#8221;1\/12&#8243;][\/vc_column][vc_column width=&#8221;6\/12&#8243;][vc_single_image image=&#8221;4745&#8243; img_size=&#8221;full&#8221; alignment=&#8221;center&#8221;][vc_empty_space height=&#8221;50px&#8221;][vc_column_text]<strong>News<\/strong>\u00a0<strong>&amp; Ver\u00f6ffentlichtungen<\/strong><\/p>\n<p><strong>Inspiration<\/strong><\/p>\n<p>&nbsp;<\/p>\n[\/vc_column_text][vc_column_text]\n<p class=\"entry-title\"><span style=\"font-size: 14pt;\"><strong>#Supp.ortyourlocalgirlgang<\/strong><\/span><\/p>\n[\/vc_column_text][vc_row_inner content_placement=&#8221;middle&#8221;][vc_column_inner width=&#8221;1\/2&#8243;][vc_single_image image=&#8221;4725&#8243; img_size=&#8221;full&#8221; alignment=&#8221;center&#8221;][\/vc_column_inner][vc_column_inner width=&#8221;1\/2&#8243;][vc_column_text]<span style=\"font-size: 14pt;\"><a href=\"https:\/\/www.instagram.com\/supp.ortyourlocalgirlgang\/\">#supportyourlocalgirlgang<\/a> ist ein Netzwerk von small female businesses, ins Leben gerufen von\u00a0Miriam Popov von m.ART. In der Gang findet ihr kreative, pers\u00f6nliche shops mit einem ausgew\u00e4hlten\u00a0besonderen Angebot an feinen Dingen.<\/span><br \/>\n<span style=\"font-size: 14pt;\">Einige davon zeigen wir Euch hier und freuen uns, ein Teil der Gang zu sein.<\/span>[\/vc_column_text][\/vc_column_inner][\/vc_row_inner][vc_row_inner][vc_column_inner width=&#8221;1\/2&#8243;][vc_single_image image=&#8221;4770&#8243; img_size=&#8221;full&#8221; alignment=&#8221;center&#8221;][vc_single_image image=&#8221;4780&#8243; img_size=&#8221;medium&#8221;][vc_single_image image=&#8221;4788&#8243; img_size=&#8221;medium&#8221;][\/vc_column_inner][vc_column_inner width=&#8221;1\/2&#8243;][vc_column_text]<span style=\"font-size: 14pt;\"><strong>m.ART &#8211; Miriam Popov<\/strong><\/span><\/p>\n<p>&nbsp;<\/p>\n<p><span style=\"font-size: 14pt;\">In Miriams Concept Store in der Altstadt von Ingolstadt findet ihr alles rund um Schriftgestaltung und Illustration. Au\u00dferdem bietet Miriam\u00a0Lettering-, Kalligrafie- und Watercolor-Workshops\u00a0an.<\/span><\/p>\n<p><span style=\"font-size: 14pt;\">Ihre Arbeiten finden sich wieder in verschiedenen Produkten wie\u00a0Kalender, Notizb\u00fccher, Postkarten und toller\u00a0Hochzeitspapeterie.\u00a0<\/span><\/p>\n<p><span style=\"font-size: 14pt;\">Erg\u00e4nzt wird das Sortiment mit vielen sch\u00f6nen Dingen wie Kerzen, Seifen, Porzellan, Schmuck von Goldschmieden und nat\u00fcrlich auch einer kleinen Auswahl another brand.\u00a0Hier ein Einblick in den <a href=\"https:\/\/www.miriampopov.com\/info\/about.html\">Store<\/a>.<\/span><\/p>\n<p><span style=\"font-size: 14pt;\">-->Instagram <a href=\"https:\/\/www.instagram.com\/mirischreibt\/\">@mirischreibt<\/a><\/span><\/p>\n[\/vc_column_text][vc_cta h2=&#8221;&#8221; shape=&#8221;square&#8221; style=&#8221;custom&#8221; add_button=&#8221;bottom&#8221; btn_title=&#8221;ZUM m.ART SHOP&#8221; btn_align=&#8221;center&#8221; btn_button_block=&#8221;true&#8221; btn_link=&#8221;url:https%3A%2F%2Fwww.miriampopov.com%2FShop%2F|&#8221;][\/vc_cta][\/vc_column_inner][\/vc_row_inner][vc_empty_space height=&#8221;30px&#8221;][vc_row_inner][vc_column_inner width=&#8221;1\/2&#8243;][vc_single_image image=&#8221;4719&#8243; img_size=&#8221;full&#8221; alignment=&#8221;center&#8221;][vc_single_image image=&#8221;4730&#8243; img_size=&#8221;medium&#8221;][\/vc_column_inner][vc_column_inner width=&#8221;1\/2&#8243;][vc_column_text]<span style=\"font-size: 14pt;\"><strong>Soulbirdee &#8211; ein Online Shop f\u00fcr Wohndekoration &amp; Interior<\/strong><\/span><\/p>\n<p>&nbsp;<\/p>\n<p><span style=\"font-size: 14pt;\">Das Soulbirdee Team besteht aus einer Familie, Tochter Lisa &amp; Mama Ulrike.\u00a0<\/span><\/p>\n<p><span style=\"font-size: 14pt;\">&#8220;Wir m\u00f6chten Ihnen wundersch\u00f6ne Dinge aus fremden L\u00e4ndern anbieten, die fair gehandelt werden und von Hand produziert werden. Au\u00dferdem sollen sie luxuri\u00f6s und vor allem besonders sein. Deshalb arbeiten wir gerne mit talentierten K\u00fcnstlern zusammen. Dar\u00fcber hinaus haben wie uns bewusst zus\u00e4tzlich einige besondere Marken ins Boot geholt, deren Accessoires und gute Zusammenarbeit wir sch\u00e4tzen.<\/span><\/p>\n<p><span style=\"font-size: 14pt;\">Dekoration &amp; Interior von kleinen Marken mit hoher Qualit\u00e4t und unsere eigenen Kollektion mit Wohndeko aus fernen L\u00e4ndern machen den Onlineshop SOULBIRDEE so besonders.<\/span><\/p>\n<p><span style=\"font-size: 14pt;\">Sie finden bei uns Boho Wohndekoration, Deko im Strandhaus Stil, skandinavische Accessoires, Kissen aus Naturmaterialien, waschbare Teppiche, Dekoration mit Muscheln aus Papua und marokkanische Wohndeko.&#8221;<\/span><\/p>\n<p><span style=\"font-size: 14pt;\">-->Instagram <a href=\"https:\/\/www.instagram.com\/soulbirdee\/\">@soulbirdee<\/a><\/span><\/p>\n<p>&nbsp;<\/p>\n[\/vc_column_text][vc_cta h2=&#8221;&#8221; shape=&#8221;square&#8221; style=&#8221;custom&#8221; add_button=&#8221;bottom&#8221; btn_title=&#8221;ZUM SOULBIRDEE SHOP&#8221; btn_align=&#8221;center&#8221; btn_button_block=&#8221;true&#8221; btn_link=&#8221;url:https%3A%2F%2Fwww.soulbirdee.com%2Fshop%2F|&#8221;][\/vc_cta][\/vc_column_inner][\/vc_row_inner][vc_separator color=&#8221;black&#8221;][vc_column_text]<strong>November 2019 \/\/\/ style in progress 4.19<\/strong>[\/vc_column_text][vc_row_inner][vc_column_inner width=&#8221;1\/2&#8243;][vc_single_image image=&#8221;4815&#8243; img_size=&#8221;full&#8221; alignment=&#8221;center&#8221;][\/vc_column_inner][vc_column_inner width=&#8221;1\/2&#8243;][vc_single_image image=&#8221;4807&#8243; img_size=&#8221;full&#8221; alignment=&#8221;center&#8221;][\/vc_column_inner][\/vc_row_inner][vc_separator color=&#8221;black&#8221;][vc_column_text]<strong>Oktober 2019 \/\/\/\u00a0Freundin Heft 23<\/strong>[\/vc_column_text][vc_row_inner][vc_column_inner width=&#8221;1\/2&#8243;][vc_single_image image=&#8221;4813&#8243; img_size=&#8221;full&#8221; alignment=&#8221;center&#8221;][\/vc_column_inner][vc_column_inner width=&#8221;1\/2&#8243;][vc_single_image image=&#8221;4811&#8243; img_size=&#8221;full&#8221; alignment=&#8221;center&#8221;][\/vc_column_inner][\/vc_row_inner][vc_separator color=&#8221;black&#8221;][vc_column_text]<strong>Sommer 2019 \/\/\/\u00a0Seaside<\/strong>[\/vc_column_text][vc_row_inner][vc_column_inner width=&#8221;1\/2&#8243;][vc_single_image image=&#8221;4820&#8243; img_size=&#8221;full&#8221; alignment=&#8221;center&#8221;][\/vc_column_inner][vc_column_inner width=&#8221;1\/2&#8243;][vc_single_image image=&#8221;4818&#8243; img_size=&#8221;full&#8221; alignment=&#8221;center&#8221;][\/vc_column_inner][\/vc_row_inner][vc_separator color=&#8221;black&#8221;][vc_column_text]<strong>November 2018 \/\/\/ style in progress 4.18<\/strong>[\/vc_column_text][vc_row_inner][vc_column_inner width=&#8221;1\/2&#8243;][vc_single_image image=&#8221;3140&#8243; img_size=&#8221;full&#8221; alignment=&#8221;center&#8221;][\/vc_column_inner][vc_column_inner width=&#8221;1\/2&#8243;][vc_single_image image=&#8221;3141&#8243; img_size=&#8221;full&#8221; alignment=&#8221;center&#8221;][\/vc_column_inner][\/vc_row_inner][vc_separator color=&#8221;black&#8221;][vc_column_text]<strong>Oktober 2018 \/\/\/ prinzipal Magazin M\u00fcnster<\/strong>[\/vc_column_text][vc_row_inner][vc_column_inner width=&#8221;1\/2&#8243;][vc_single_image image=&#8221;3347&#8243; img_size=&#8221;full&#8221; alignment=&#8221;center&#8221;][vc_single_image image=&#8221;3349&#8243; img_size=&#8221;full&#8221; alignment=&#8221;center&#8221;][\/vc_column_inner][vc_column_inner width=&#8221;1\/2&#8243;][vc_single_image image=&#8221;3348&#8243; img_size=&#8221;full&#8221; alignment=&#8221;center&#8221;][\/vc_column_inner][\/vc_row_inner][vc_separator color=&#8221;black&#8221;][vc_column_text]<strong>Januar 2018 \/\/\/ labels to watch<\/strong>[\/vc_column_text][vc_row_inner][vc_column_inner width=&#8221;1\/2&#8243;][vc_single_image image=&#8221;3133&#8243; img_size=&#8221;full&#8221; alignment=&#8221;center&#8221;][\/vc_column_inner][vc_column_inner width=&#8221;1\/2&#8243;][vc_single_image image=&#8221;3132&#8243; img_size=&#8221;full&#8221; alignment=&#8221;center&#8221;][\/vc_column_inner][\/vc_row_inner][vc_separator color=&#8221;black&#8221;][vc_column_text]<strong>Januar 2018 \/\/\/ labels to watch<\/strong>[\/vc_column_text][vc_row_inner][vc_column_inner width=&#8221;1\/2&#8243;][vc_single_image image=&#8221;3136&#8243; img_size=&#8221;full&#8221; alignment=&#8221;center&#8221;][vc_single_image image=&#8221;3134&#8243; img_size=&#8221;full&#8221; alignment=&#8221;center&#8221;][\/vc_column_inner][vc_column_inner width=&#8221;1\/2&#8243;][vc_single_image image=&#8221;3135&#8243; img_size=&#8221;full&#8221; alignment=&#8221;center&#8221;][\/vc_column_inner][\/vc_row_inner][vc_empty_space height=&#8221;50px&#8221;][\/vc_column][vc_column width=&#8221;1\/12&#8243;][\/vc_column][\/vc_row]\n[vc_row full_width=&#8221;stretch_row&#8221; css=&#8221;.vc_custom_1611754226106{margin-bottom: -150px !important;padding-bottom: 50px !important;background-color: #ffeded !important;}&#8221;][vc_column width=&#8221;1\/3&#8243; css=&#8221;.vc_custom_1611330787939{margin-left: 20px !important;}&#8221;][vc_column_text]\n<p style=\"font-family: gtsectrafine; fontsize: 15px;\"><strong>Sign up for our Good-News-Letter<\/strong><\/p>\n[mc4wp_form id=&#8221;6108&#8243;]\n[\/vc_column_text][\/vc_column][vc_column width=&#8221;1\/3&#8243;][vc_column_text]\n<p style=\"font-family: gtsectrafine; fontsize: 15px;\"><strong>Instagram<\/strong><\/p>\n\n<div id=\"sb_instagram\"  class=\"sbi sbi_mob_col_1 sbi_tab_col_2 sbi_col_3 sbi_disable_mobile\" style=\"padding-bottom: 10px; width: 100%;\"\t data-feedid=\"*1\"  data-res=\"auto\" data-cols=\"3\" data-colsmobile=\"1\" data-colstablet=\"2\" data-num=\"9\" data-nummobile=\"\" data-item-padding=\"5\"\t data-shortcode-atts=\"{&quot;cachetime&quot;:30}\"  data-postid=\"3131\" data-locatornonce=\"76230775af\" data-imageaspectratio=\"1:1\" data-sbi-flags=\"favorLocal,ajaxPostLoad,gdpr\">\n\t\n\t<div id=\"sbi_images\"  style=\"gap: 10px;\">\n\t\t\t<\/div>\n\n\t<div id=\"sbi_load\" >\n\n\t\n\t\n<\/div>\n\t\t<span class=\"sbi_resized_image_data\" data-feed-id=\"*1\"\n\t\t  data-resized=\"[]\">\n\t<\/span>\n\t<\/div>\n\n<script type=\"text\/javascript\">var sb_instagram_js_options = {\"font_method\":\"svg\",\"placeholder\":\"https:\\\/\\\/anotherbrand.de\\\/wp-content\\\/plugins\\\/instagram-feed\\\/img\\\/placeholder.png\",\"resized_url\":\"https:\\\/\\\/anotherbrand.de\\\/wp-content\\\/uploads\\\/sb-instagram-feed-images\\\/\",\"ajax_url\":\"https:\\\/\\\/anotherbrand.de\\\/wp-admin\\\/admin-ajax.php\"};<\/script><script type='text\/javascript' src='https:\/\/anotherbrand.de\/wp-content\/plugins\/instagram-feed\/js\/sbi-scripts.min.js?ver=6.10.1'><\/script>[\/vc_column_text][\/vc_column][vc_column width=&#8221;1\/3&#8243;][vc_column_text]\n<p style=\"font-family: gtsectrafine; fontsize: 15px;\"><strong>Delivery<\/strong><\/p>\n<p>\u2713 Free shipping from 150\u20ac<br \/>\n\u2713 DHL \/ GoGreen<br \/>\n\u2713 <a href=\"\/en\/shipping-details\">Shipping and return conditions<\/a>[\/vc_column_text][vc_column_text css=&#8221;.vc_custom_1611660086277{margin-top: -20px !important;}&#8221;]\n<p style=\"font-family: gtsectrafine; fontsize: 15px;\"><strong>Payment Methods<\/strong><\/p>\n<p><strong><img loading=\"lazy\" decoding=\"async\" class=\"alignnone wp-image-6089\" src=\"https:\/\/anotherbrand.de\/app\/uploads\/2021\/01\/de-pp-logo-200px.png\" alt=\"\" width=\"80\" height=\"20\" \/> <img loading=\"lazy\" decoding=\"async\" class=\"alignnone wp-image-6093\" src=\"https:\/\/anotherbrand.de\/app\/uploads\/2019\/06\/Stripe-zahlungsvariante-300x109.png\" alt=\"\" width=\"55\" height=\"20\" srcset=\"https:\/\/anotherbrand.de\/wp-content\/uploads\/2019\/06\/Stripe-zahlungsvariante-300x109.png 300w, https:\/\/anotherbrand.de\/wp-content\/uploads\/2019\/06\/Stripe-zahlungsvariante-247x90.png 247w, https:\/\/anotherbrand.de\/wp-content\/uploads\/2019\/06\/Stripe-zahlungsvariante-510x185.png 510w, https:\/\/anotherbrand.de\/wp-content\/uploads\/2019\/06\/Stripe-zahlungsvariante-1024x371.png 1024w, https:\/\/anotherbrand.de\/wp-content\/uploads\/2019\/06\/Stripe-zahlungsvariante-768x279.png 768w, https:\/\/anotherbrand.de\/wp-content\/uploads\/2019\/06\/Stripe-zahlungsvariante-1536x557.png 1536w, https:\/\/anotherbrand.de\/wp-content\/uploads\/2019\/06\/Stripe-zahlungsvariante.png 1600w\" sizes=\"auto, (max-width: 55px) 100vw, 55px\" \/><br \/>\n<\/strong>[\/vc_column_text][\/vc_column][\/vc_row]\n","protected":false},"excerpt":{"rendered":"[vc_row][vc_column width=&#8221;1\/12&#8243;][vc_empty_space][vc_column_text el_class=&#8221;breadcrumb&#8221;]news &amp; inspiration[\/vc_column_text][vc_empty_space][\/vc_column][vc_column width=&#8221;2\/12&#8243;][vc_single_image image=&#8221;3128&#8243; img_size=&#8221;full&#8221; alignment=&#8221;center&#8221;][\/vc_column][vc_column width=&#8221;1\/12&#8243;][\/vc_column][vc_column width=&#8221;6\/12&#8243;][vc_single_image image=&#8221;4745&#8243; img_size=&#8221;full&#8221; alignment=&#8221;center&#8221;][vc_empty_space height=&#8221;50px&#8221;][vc_column_text]News\u00a0&amp; Ver\u00f6ffentlichtungen Inspiration &nbsp; [\/vc_column_text][vc_column_text] #Supp.ortyourlocalgirlgang [\/vc_column_text][vc_row_inner content_placement=&#8221;middle&#8221;][vc_column_inner width=&#8221;1\/2&#8243;][vc_single_image image=&#8221;4725&#8243; img_size=&#8221;full&#8221; alignment=&#8221;center&#8221;][\/vc_column_inner][vc_column_inner width=&#8221;1\/2&#8243;][vc_column_text]#supportyourlocalgirlgang ist ein Netzwerk von small female businesses, ins Leben gerufen von\u00a0Miriam Popov von m.ART. In der Gang findet ihr kreative, pers\u00f6nliche shops mit einem ausgew\u00e4hlten\u00a0besonderen Angebot an feinen [&#8230;]\n","protected":false},"author":5,"featured_media":0,"parent":0,"menu_order":0,"comment_status":"closed","ping_status":"closed","template":"","meta":{"footnotes":""},"class_list":["post-3131","page","type-page","status-publish","hentry"],"yoast_head":"<!-- This site is optimized with the Yoast SEO plugin v27.3 - https:\/\/yoast.com\/product\/yoast-seo-wordpress\/ -->\n<title>Another Brand<\/title>\n<meta name=\"description\" content=\"Another Brand fashion label - the focus is on natural materials, perfect workmanship and fit as well as fair production.\" \/>\n<meta name=\"robots\" content=\"index, follow, max-snippet:-1, max-image-preview:large, max-video-preview:-1\" \/>\n<link rel=\"canonical\" href=\"https:\/\/anotherbrand.de\/en\/news-inspiration\/\" \/>\n<meta property=\"og:locale\" content=\"en_US\" \/>\n<meta property=\"og:type\" content=\"article\" \/>\n<meta property=\"og:title\" content=\"Another Brand\" \/>\n<meta property=\"og:description\" content=\"Another Brand fashion label - the focus is on natural materials, perfect workmanship and fit as well as fair production.\" \/>\n<meta property=\"og:url\" content=\"https:\/\/anotherbrand.de\/en\/news-inspiration\/\" \/>\n<meta property=\"og:site_name\" content=\"Another Brand\" \/>\n<meta property=\"article:publisher\" content=\"https:\/\/www.facebook.com\/anotherbrand.de\/\" \/>\n<meta property=\"article:modified_time\" content=\"2022-11-22T13:49:43+00:00\" \/>\n<meta property=\"og:image\" content=\"https:\/\/anotherbrand.de\/app\/uploads\/2021\/01\/de-pp-logo-200px.png\" \/>\n<meta name=\"twitter:card\" content=\"summary_large_image\" \/>\n<meta name=\"twitter:label1\" content=\"Est. reading time\" \/>\n\t<meta name=\"twitter:data1\" content=\"4 minutes\" \/>\n<script type=\"application\/ld+json\" class=\"yoast-schema-graph\">{\"@context\":\"https:\\\/\\\/schema.org\",\"@graph\":[{\"@type\":\"WebPage\",\"@id\":\"https:\\\/\\\/anotherbrand.de\\\/en\\\/news-inspiration\\\/\",\"url\":\"https:\\\/\\\/anotherbrand.de\\\/en\\\/news-inspiration\\\/\",\"name\":\"Another Brand\",\"isPartOf\":{\"@id\":\"https:\\\/\\\/anotherbrand.de\\\/#website\"},\"primaryImageOfPage\":{\"@id\":\"https:\\\/\\\/anotherbrand.de\\\/en\\\/news-inspiration\\\/#primaryimage\"},\"image\":{\"@id\":\"https:\\\/\\\/anotherbrand.de\\\/en\\\/news-inspiration\\\/#primaryimage\"},\"thumbnailUrl\":\"https:\\\/\\\/anotherbrand.de\\\/app\\\/uploads\\\/2021\\\/01\\\/de-pp-logo-200px.png\",\"datePublished\":\"2018-04-10T07:57:19+00:00\",\"dateModified\":\"2022-11-22T13:49:43+00:00\",\"description\":\"Another Brand fashion label - the focus is on natural materials, perfect workmanship and fit as well as fair production.\",\"breadcrumb\":{\"@id\":\"https:\\\/\\\/anotherbrand.de\\\/en\\\/news-inspiration\\\/#breadcrumb\"},\"inLanguage\":\"en-US\",\"potentialAction\":[{\"@type\":\"ReadAction\",\"target\":[\"https:\\\/\\\/anotherbrand.de\\\/en\\\/news-inspiration\\\/\"]}]},{\"@type\":\"ImageObject\",\"inLanguage\":\"en-US\",\"@id\":\"https:\\\/\\\/anotherbrand.de\\\/en\\\/news-inspiration\\\/#primaryimage\",\"url\":\"https:\\\/\\\/anotherbrand.de\\\/app\\\/uploads\\\/2021\\\/01\\\/de-pp-logo-200px.png\",\"contentUrl\":\"https:\\\/\\\/anotherbrand.de\\\/app\\\/uploads\\\/2021\\\/01\\\/de-pp-logo-200px.png\"},{\"@type\":\"BreadcrumbList\",\"@id\":\"https:\\\/\\\/anotherbrand.de\\\/en\\\/news-inspiration\\\/#breadcrumb\",\"itemListElement\":[{\"@type\":\"ListItem\",\"position\":1,\"name\":\"Startseite\",\"item\":\"https:\\\/\\\/anotherbrand.de\\\/\"},{\"@type\":\"ListItem\",\"position\":2,\"name\":\"news and inspiration\"}]},{\"@type\":\"WebSite\",\"@id\":\"https:\\\/\\\/anotherbrand.de\\\/#website\",\"url\":\"https:\\\/\\\/anotherbrand.de\\\/\",\"name\":\"Another Brand\",\"description\":\"Clothes - Fair Fashion - Kashmir\",\"publisher\":{\"@id\":\"https:\\\/\\\/anotherbrand.de\\\/#organization\"},\"alternateName\":\"Inspiring Designs. Naturally sustainable.\",\"potentialAction\":[{\"@type\":\"SearchAction\",\"target\":{\"@type\":\"EntryPoint\",\"urlTemplate\":\"https:\\\/\\\/anotherbrand.de\\\/?s={search_term_string}\"},\"query-input\":{\"@type\":\"PropertyValueSpecification\",\"valueRequired\":true,\"valueName\":\"search_term_string\"}}],\"inLanguage\":\"en-US\"},{\"@type\":\"Organization\",\"@id\":\"https:\\\/\\\/anotherbrand.de\\\/#organization\",\"name\":\"another brand\",\"alternateName\":\"another brand - fair fashion Munich\",\"url\":\"https:\\\/\\\/anotherbrand.de\\\/\",\"logo\":{\"@type\":\"ImageObject\",\"inLanguage\":\"en-US\",\"@id\":\"https:\\\/\\\/anotherbrand.de\\\/#\\\/schema\\\/logo\\\/image\\\/\",\"url\":\"https:\\\/\\\/anotherbrand.de\\\/wp-content\\\/uploads\\\/2020\\\/08\\\/cropped-ab_logo_site-icon.jpg\",\"contentUrl\":\"https:\\\/\\\/anotherbrand.de\\\/wp-content\\\/uploads\\\/2020\\\/08\\\/cropped-ab_logo_site-icon.jpg\",\"width\":512,\"height\":512,\"caption\":\"another brand\"},\"image\":{\"@id\":\"https:\\\/\\\/anotherbrand.de\\\/#\\\/schema\\\/logo\\\/image\\\/\"},\"sameAs\":[\"https:\\\/\\\/www.facebook.com\\\/anotherbrand.de\\\/\"]}]}<\/script>\n<!-- \/ Yoast SEO plugin. -->","yoast_head_json":{"title":"Another Brand","description":"Another Brand fashion label - the focus is on natural materials, perfect workmanship and fit as well as fair production.","robots":{"index":"index","follow":"follow","max-snippet":"max-snippet:-1","max-image-preview":"max-image-preview:large","max-video-preview":"max-video-preview:-1"},"canonical":"https:\/\/anotherbrand.de\/en\/news-inspiration\/","og_locale":"en_US","og_type":"article","og_title":"Another Brand","og_description":"Another Brand fashion label - the focus is on natural materials, perfect workmanship and fit as well as fair production.","og_url":"https:\/\/anotherbrand.de\/en\/news-inspiration\/","og_site_name":"Another Brand","article_publisher":"https:\/\/www.facebook.com\/anotherbrand.de\/","article_modified_time":"2022-11-22T13:49:43+00:00","og_image":[{"url":"https:\/\/anotherbrand.de\/app\/uploads\/2021\/01\/de-pp-logo-200px.png","type":"","width":"","height":""}],"twitter_card":"summary_large_image","twitter_misc":{"Est. reading time":"4 minutes"},"schema":{"@context":"https:\/\/schema.org","@graph":[{"@type":"WebPage","@id":"https:\/\/anotherbrand.de\/en\/news-inspiration\/","url":"https:\/\/anotherbrand.de\/en\/news-inspiration\/","name":"Another Brand","isPartOf":{"@id":"https:\/\/anotherbrand.de\/#website"},"primaryImageOfPage":{"@id":"https:\/\/anotherbrand.de\/en\/news-inspiration\/#primaryimage"},"image":{"@id":"https:\/\/anotherbrand.de\/en\/news-inspiration\/#primaryimage"},"thumbnailUrl":"https:\/\/anotherbrand.de\/app\/uploads\/2021\/01\/de-pp-logo-200px.png","datePublished":"2018-04-10T07:57:19+00:00","dateModified":"2022-11-22T13:49:43+00:00","description":"Another Brand fashion label - the focus is on natural materials, perfect workmanship and fit as well as fair production.","breadcrumb":{"@id":"https:\/\/anotherbrand.de\/en\/news-inspiration\/#breadcrumb"},"inLanguage":"en-US","potentialAction":[{"@type":"ReadAction","target":["https:\/\/anotherbrand.de\/en\/news-inspiration\/"]}]},{"@type":"ImageObject","inLanguage":"en-US","@id":"https:\/\/anotherbrand.de\/en\/news-inspiration\/#primaryimage","url":"https:\/\/anotherbrand.de\/app\/uploads\/2021\/01\/de-pp-logo-200px.png","contentUrl":"https:\/\/anotherbrand.de\/app\/uploads\/2021\/01\/de-pp-logo-200px.png"},{"@type":"BreadcrumbList","@id":"https:\/\/anotherbrand.de\/en\/news-inspiration\/#breadcrumb","itemListElement":[{"@type":"ListItem","position":1,"name":"Startseite","item":"https:\/\/anotherbrand.de\/"},{"@type":"ListItem","position":2,"name":"news and inspiration"}]},{"@type":"WebSite","@id":"https:\/\/anotherbrand.de\/#website","url":"https:\/\/anotherbrand.de\/","name":"Another Brand","description":"Clothes - Fair Fashion - Kashmir","publisher":{"@id":"https:\/\/anotherbrand.de\/#organization"},"alternateName":"Inspiring Designs. Naturally sustainable.","potentialAction":[{"@type":"SearchAction","target":{"@type":"EntryPoint","urlTemplate":"https:\/\/anotherbrand.de\/?s={search_term_string}"},"query-input":{"@type":"PropertyValueSpecification","valueRequired":true,"valueName":"search_term_string"}}],"inLanguage":"en-US"},{"@type":"Organization","@id":"https:\/\/anotherbrand.de\/#organization","name":"another brand","alternateName":"another brand - fair fashion Munich","url":"https:\/\/anotherbrand.de\/","logo":{"@type":"ImageObject","inLanguage":"en-US","@id":"https:\/\/anotherbrand.de\/#\/schema\/logo\/image\/","url":"https:\/\/anotherbrand.de\/wp-content\/uploads\/2020\/08\/cropped-ab_logo_site-icon.jpg","contentUrl":"https:\/\/anotherbrand.de\/wp-content\/uploads\/2020\/08\/cropped-ab_logo_site-icon.jpg","width":512,"height":512,"caption":"another brand"},"image":{"@id":"https:\/\/anotherbrand.de\/#\/schema\/logo\/image\/"},"sameAs":["https:\/\/www.facebook.com\/anotherbrand.de\/"]}]}},"_links":{"self":[{"href":"https:\/\/anotherbrand.de\/en\/wp-json\/wp\/v2\/pages\/3131","targetHints":{"allow":["GET"]}}],"collection":[{"href":"https:\/\/anotherbrand.de\/en\/wp-json\/wp\/v2\/pages"}],"about":[{"href":"https:\/\/anotherbrand.de\/en\/wp-json\/wp\/v2\/types\/page"}],"author":[{"embeddable":true,"href":"https:\/\/anotherbrand.de\/en\/wp-json\/wp\/v2\/users\/5"}],"replies":[{"embeddable":true,"href":"https:\/\/anotherbrand.de\/en\/wp-json\/wp\/v2\/comments?post=3131"}],"version-history":[{"count":0,"href":"https:\/\/anotherbrand.de\/en\/wp-json\/wp\/v2\/pages\/3131\/revisions"}],"wp:attachment":[{"href":"https:\/\/anotherbrand.de\/en\/wp-json\/wp\/v2\/media?parent=3131"}],"curies":[{"name":"wp","href":"https:\/\/api.w.org\/{rel}","templated":true}]}}